{"id":1171,"date":"2014-02-15T20:43:49","date_gmt":"2014-02-15T18:43:49","guid":{"rendered":"http:\/\/www.easr.se\/?page_id=1171"},"modified":"2025-02-25T19:09:17","modified_gmt":"2025-02-25T17:09:17","slug":"videod","status":"publish","type":"page","link":"https:\/\/www.easr.se\/en\/liikmele\/videod\/","title":{"rendered":"Videod"},"content":{"rendered":"<div data-elementor-type=\"wp-page\" data-elementor-id=\"1171\" class=\"elementor elementor-1171\" data-elementor-post-type=\"page\">\n\t\t\t\t\t\t<section class=\"elementor-section elementor-top-section elementor-element elementor-element-686b6255 elementor-section-height-min-height elementor-section-boxed elementor-section-height-default elementor-section-items-middle\" data-id=\"686b6255\" data-element_type=\"section\" data-settings=\"{&quot;background_background&quot;:&quot;classic&quot;}\">\n\t\t\t\t\t\t<div class=\"elementor-container elementor-column-gap-default\">\n\t\t\t\t\t<div class=\"elementor-column elementor-col-100 elementor-top-column elementor-element elementor-element-7bd2676\" data-id=\"7bd2676\" data-element_type=\"column\">\n\t\t\t<div class=\"elementor-widget-wrap elementor-element-populated\">\n\t\t\t\t\t\t<div class=\"elementor-element elementor-element-28ad30ea elementor-widget elementor-widget-heading\" data-id=\"28ad30ea\" data-element_type=\"widget\" data-widget_type=\"heading.default\">\n\t\t\t\t<div class=\"elementor-widget-container\">\n\t\t\t<h1 class=\"elementor-heading-title elementor-size-default\">Videod<\/h1>\t\t<\/div>\n\t\t\t\t<\/div>\n\t\t\t\t\t<\/div>\n\t\t<\/div>\n\t\t\t\t\t<\/div>\n\t\t<\/section>\n\t\t\t\t<section class=\"elementor-section elementor-top-section elementor-element elementor-element-593926ea elementor-section-boxed elementor-section-height-default elementor-section-height-default\" data-id=\"593926ea\" data-element_type=\"section\">\n\t\t\t\t\t\t<div class=\"elementor-container elementor-column-gap-default\">\n\t\t\t\t\t<div class=\"elementor-column elementor-col-100 elementor-top-column elementor-element elementor-element-2a3680b6\" data-id=\"2a3680b6\" data-element_type=\"column\">\n\t\t\t<div class=\"elementor-widget-wrap elementor-element-populated\">\n\t\t\t\t\t\t<div class=\"elementor-element elementor-element-6cbfede2 elementor-widget elementor-widget-text-editor\" data-id=\"6cbfede2\" data-element_type=\"widget\" data-widget_type=\"text-editor.default\">\n\t\t\t\t<div class=\"elementor-widget-container\">\n\t\t\t\t\t\t\t<p><!-- wp:paragraph --><\/p>\n<p><strong>Siin saate n\u00e4ha seltsi \u00fcritustel tehtud videosid.<\/strong><\/p>\n<p>EASR 80. juubeli t\u00e4histamine Stockholmis Eesti Majas 8. veebruar 2025. Ettekanded: EASR ajalugu ja t\u00e4nap\u00e4ev (Hendrik Pakosta, Karl V\u00e4\u00e4rt, Ants Andresson ja Urve Palo), EV suursaadik Toomas Lukki tervitus, EASR stipendiaatide Anu Valkna ja Karolin Riipsi ettekanded, EAL president Neeme T\u00f5nissoni ettekanne, ETSR sekret\u00e4ri Helena Fausti ettekanne ja ERL esinaise Sirje S\u00f6\u00f6ti tervitus.<\/p>\n<p><iframe src=\"https:\/\/drive.google.com\/file\/d\/1hhQS-akNgFLzoDEOtyJDrdW6Vb6iqQDN\/preview\" width=\"640\" height=\"480\"><\/iframe><\/p>\n<p>\u00a0<\/p>\n<p>EASR 2023 Peakoosolek<\/p>\n<p><!-- \/wp:paragraph --> <iframe src=\"https:\/\/drive.google.com\/file\/d\/1WOSF8xonwJ7ihHdHu60sJJKUMsQ7LqpT\/preview\" width=\"640\" height=\"480\"><\/iframe> <!-- wp:html --><\/p>\n<p>Karl V\u00e4\u00e4rt &#8211; Ultraheli kasutusest peremeditsiinis<\/p>\n<p><iframe src=\"https:\/\/drive.google.com\/file\/d\/1C8HNH29VPRTJyOLD56_o8bgZy5mmlxXq\/preview\" width=\"640\" height=\"480\"><\/iframe><\/p>\n<p>EASR 2022 Peakoosolek <br \/><iframe src=\"https:\/\/drive.google.com\/file\/d\/1Ylqf8H_R2Wsg9S8w6AWO6qqw6JaMrnyb\/preview\" width=\"570\" height=\"350\"><\/iframe><\/p>\n<p><!-- \/wp:html --><!-- \/wp:paragraph --><!-- wp:html --><\/p>\n<p>Ivika Jakson &#8211; Insuliin, endomeetrium ja viljakus<br \/><iframe src=\"https:\/\/drive.google.com\/file\/d\/1sSZzMX5_z7OUVfIHcQu6NRqm0hKyWo8p\/preview\" width=\"570\" height=\"350\"><\/iframe><\/p>\n<p><!-- \/wp:html --><!-- \/wp:paragraph --><!-- wp:html --><\/p>\n<p>EASR 2021 Peakoosolek <br \/><iframe src=\"https:\/\/drive.google.com\/file\/d\/1se-YjlLqO8fuN4xTw_Mp4a33tTEm-9jz\/preview\" width=\"570\" height=\"350\"><\/iframe><\/p>\n<p><!-- \/wp:html --><!-- wp:html --><\/p>\n<p>E-meditsiinikonverents 2021 <br \/><iframe src=\"https:\/\/drive.google.com\/file\/d\/1cBkroD8uWJyDiC8hStrKo1u1WanbnYuv\/preview\" width=\"570\" height=\"350\"><\/iframe><\/p>\n<p><!-- \/wp:html --><\/p>\n<p>Mittesteroidsed p\u00f5letikuvastased preparaadid (NSAID) Andersberg tervisekeskuses: rohkem valu kui v\u00f5lu. Peremeditsiini resident Paul-Mattis T\u00fcrnpuu. 18.02.2018 a<br \/><iframe src=\"https:\/\/www.youtube.com\/embed\/XyJwHKE2tto\" width=\"560\" height=\"315\" frameborder=\"0\" allowfullscreen=\"allowfullscreen\"><\/iframe><\/p>\n<p>Radioloogia pool ja vastu. Lektoriks on radioloog Egidius Kocys Karlstadi Keskhaiglast. 04.02.2017<br \/><iframe src=\"https:\/\/www.youtube.com\/embed\/qYD632aMNQs\" width=\"560\" height=\"315\" frameborder=\"0\" allowfullscreen=\"allowfullscreen\"><\/iframe><br \/><iframe src=\"https:\/\/www.youtube.com\/embed\/pevtlwGtuuQ\" width=\"560\" height=\"315\" frameborder=\"0\" allowfullscreen=\"allowfullscreen\"><\/iframe><br \/><iframe src=\"https:\/\/www.youtube.com\/embed\/1Mf3eBrA_i8\" width=\"560\" height=\"315\" frameborder=\"0\" allowfullscreen=\"allowfullscreen\"><\/iframe><\/p>\n<p>2016 a Peakoosolek Stockholmi Eesti Majas 28.02.2016 a<br \/><iframe src=\"https:\/\/www.youtube.com\/embed\/mYLHsqBnn68\" width=\"560\" height=\"315\" frameborder=\"0\" allowfullscreen=\"allowfullscreen\"><\/iframe><br \/><iframe src=\"https:\/\/www.youtube.com\/embed\/juNUsY6o4eA\" width=\"560\" height=\"315\" frameborder=\"0\" allowfullscreen=\"allowfullscreen\"><\/iframe><br \/><iframe src=\"https:\/\/www.youtube.com\/embed\/sPpIEEW75vk\" width=\"560\" height=\"315\" frameborder=\"0\" allowfullscreen=\"allowfullscreen\"><\/iframe><\/p>\n<p>KOKi uuest ravijuhisest esmatasandi arstiabivaatevinklist. Lektor perearst Karl V\u00e4\u00e4rt. 28.02.2016 a,<br \/><iframe src=\"https:\/\/www.youtube.com\/embed\/gandx9TsAyY\" width=\"560\" height=\"315\" frameborder=\"0\" allowfullscreen=\"allowfullscreen\"><\/iframe><br \/><iframe src=\"https:\/\/www.youtube.com\/embed\/cF8XgP46gnc\" width=\"560\" height=\"315\" frameborder=\"0\" allowfullscreen=\"allowfullscreen\"><\/iframe><\/p>\n<p><strong>EASR 70. aastap\u00e4eva t\u00e4histamine Stockholmi Eesti Majas 17.10.<\/strong><\/p>\n<p><iframe src=\"https:\/\/www.youtube.com\/embed\/vfyvuTRtLmg\" width=\"560\" height=\"315\" frameborder=\"0\" allowfullscreen=\"allowfullscreen\"><\/iframe><br \/><iframe src=\"https:\/\/www.youtube.com\/embed\/1dRy99EvCSk\" width=\"560\" height=\"315\" frameborder=\"0\" allowfullscreen=\"allowfullscreen\"><\/iframe><br \/><iframe src=\"https:\/\/www.youtube.com\/embed\/NHArCEf4N9Q\" width=\"560\" height=\"315\" frameborder=\"0\" allowfullscreen=\"allowfullscreen\"><\/iframe><br \/><iframe src=\"https:\/\/www.youtube.com\/embed\/xhnf0orM7Ns\" width=\"560\" height=\"315\" frameborder=\"0\" allowfullscreen=\"allowfullscreen\"><\/iframe><br \/><iframe src=\"https:\/\/www.youtube.com\/embed\/kUDWApEVxKs\" width=\"560\" height=\"315\" frameborder=\"0\" allowfullscreen=\"allowfullscreen\"><\/iframe>\u00a0<\/p>\n<p><strong>2014 a Peakoosolek Stockholmi Eesti Majas 18.02.2014 a<\/strong><\/p>\n<p><strong> <iframe src=\"\/\/www.youtube-nocookie.com\/embed\/qQFHgSoiHgk?rel=0\" width=\"560\" height=\"315\" frameborder=\"0\" allowfullscreen=\"allowfullscreen\"><\/iframe> <iframe src=\"\/\/www.youtube-nocookie.com\/embed\/RTWAaGGoPgM?rel=0\" width=\"560\" height=\"315\" frameborder=\"0\" allowfullscreen=\"allowfullscreen\"><\/iframe> <iframe src=\"\/\/www.youtube-nocookie.com\/embed\/Vr5IWTL1hmM?rel=0\" width=\"560\" height=\"315\" frameborder=\"0\" allowfullscreen=\"allowfullscreen\"><\/iframe> <iframe src=\"\/\/www.youtube-nocookie.com\/embed\/-i6x9m26vx0?rel=0\" width=\"560\" height=\"315\" frameborder=\"0\" allowfullscreen=\"allowfullscreen\"><\/iframe><\/strong><\/p>\n<p>Loengud Kas allergia on ravitav? Lektor allergoloog fil.dr Teet Pullerits.<br \/><iframe src=\"\/\/www.youtube-nocookie.com\/embed\/fN9abRf5_g0?rel=0\" width=\"560\" height=\"315\" frameborder=\"0\" allowfullscreen=\"allowfullscreen\"><\/iframe><\/p>\n<p>Kogemustest Tansaania tervishoius t\u00f6\u00f6tamisel 1 osa. Lektor perearst Liis Paltsmar<br \/><iframe src=\"\/\/www.youtube-nocookie.com\/embed\/dlJ2p4V_UpQ?rel=0\" width=\"560\" height=\"315\" frameborder=\"0\" allowfullscreen=\"allowfullscreen\"><\/iframe><\/p>\n<p><a href=\"https:\/\/drive.google.com\/file\/d\/1hhQS-akNgFLzoDEOtyJDrdW6Vb6iqQDN\/view?usp=sharing\">https:\/\/drive.google.com\/file\/d\/1hhQS-akNgFLzoDEOtyJDrdW6Vb6iqQDN\/view?usp=sharing<\/a><\/p>\t\t\t\t\t\t<\/div>\n\t\t\t\t<\/div>\n\t\t\t\t\t<\/div>\n\t\t<\/div>\n\t\t\t\t\t<\/div>\n\t\t<\/section>\n\t\t\t\t<section class=\"elementor-section elementor-top-section elementor-element elementor-element-8cff846 elementor-section-boxed elementor-section-height-default elementor-section-height-default\" data-id=\"8cff846\" data-element_type=\"section\">\n\t\t\t\t\t\t<div class=\"elementor-container elementor-column-gap-default\">\n\t\t\t\t\t<div class=\"elementor-column elementor-col-100 elementor-top-column elementor-element elementor-element-ad4ac80\" data-id=\"ad4ac80\" data-element_type=\"column\">\n\t\t\t<div class=\"elementor-widget-wrap elementor-element-populated\">\n\t\t\t\t\t\t<div class=\"elementor-element elementor-element-fc8eca1 elementor-align-justify elementor-widget elementor-widget-button\" data-id=\"fc8eca1\" data-element_type=\"widget\" data-widget_type=\"button.default\">\n\t\t\t\t<div class=\"elementor-widget-container\">\n\t\t\t\t\t<div class=\"elementor-button-wrapper\">\n\t\t\t<a class=\"elementor-button elementor-button-link elementor-size-lg\" href=\"https:\/\/drive.google.com\/drive\/u\/1\/folders\/1xIJ_vyEKKpauhwve-EtmBwR2NmPJIYlF\" target=\"_blank\">\n\t\t\t\t\t\t<span class=\"elementor-button-content-wrapper\">\n\t\t\t\t\t\t\t\t\t<span class=\"elementor-button-text\">Suvep\u00e4evad 2021, Metsakodu<\/span>\n\t\t\t\t\t<\/span>\n\t\t\t\t\t<\/a>\n\t\t<\/div>\n\t\t\t\t<\/div>\n\t\t\t\t<\/div>\n\t\t\t\t\t<\/div>\n\t\t<\/div>\n\t\t\t\t\t<\/div>\n\t\t<\/section>\n\t\t\t\t<section class=\"elementor-section elementor-top-section elementor-element elementor-element-6066e58 elementor-section-boxed elementor-section-height-default elementor-section-height-default\" data-id=\"6066e58\" data-element_type=\"section\">\n\t\t\t\t\t\t<div class=\"elementor-container elementor-column-gap-default\">\n\t\t\t\t\t<div class=\"elementor-column elementor-col-100 elementor-top-column elementor-element elementor-element-575d459\" data-id=\"575d459\" data-element_type=\"column\">\n\t\t\t<div class=\"elementor-widget-wrap elementor-element-populated\">\n\t\t\t\t\t\t<div class=\"elementor-element elementor-element-2ed7f36 elementor-align-justify elementor-widget elementor-widget-button\" data-id=\"2ed7f36\" data-element_type=\"widget\" data-widget_type=\"button.default\">\n\t\t\t\t<div class=\"elementor-widget-container\">\n\t\t\t\t\t<div class=\"elementor-button-wrapper\">\n\t\t\t<a class=\"elementor-button elementor-button-link elementor-size-lg\" href=\"https:\/\/drive.google.com\/drive\/u\/1\/folders\/1xIJ_vyEKKpauhwve-EtmBwR2NmPJIYlF\" target=\"_blank\">\n\t\t\t\t\t\t<span class=\"elementor-button-content-wrapper\">\n\t\t\t\t\t\t\t\t\t<span class=\"elementor-button-text\">Suvep\u00e4evad 2021, Metsakodu<\/span>\n\t\t\t\t\t<\/span>\n\t\t\t\t\t<\/a>\n\t\t<\/div>\n\t\t\t\t<\/div>\n\t\t\t\t<\/div>\n\t\t\t\t\t<\/div>\n\t\t<\/div>\n\t\t\t\t\t<\/div>\n\t\t<\/section>\n\t\t\t\t<\/div>","protected":false},"excerpt":{"rendered":"<p>Videod Siin saate n\u00e4ha seltsi \u00fcritustel tehtud videosid. EASR 80. juubeli t\u00e4histamine Stockholmis Eesti Majas 8. veebruar 2025. Ettekanded: EASR ajalugu ja t\u00e4nap\u00e4ev (Hendrik Pakosta, Karl V\u00e4\u00e4rt, Ants Andresson ja Urve Palo), EV suursaadik Toomas Lukki tervitus, EASR stipendiaatide Anu Valkna ja Karolin Riipsi ettekanded, EAL president Neeme T\u00f5nissoni ettekanne, ETSR sekret\u00e4ri Helena Fausti ettekanne [&hellip;]<\/p>","protected":false},"author":16,"featured_media":0,"parent":261,"menu_order":0,"comment_status":"closed","ping_status":"closed","template":"elementor_header_footer","meta":{"ngg_post_thumbnail":0,"footnotes":""},"categories":[],"tags":[],"_links":{"self":[{"href":"https:\/\/www.easr.se\/en\/wp-json\/wp\/v2\/pages\/1171"}],"collection":[{"href":"https:\/\/www.easr.se\/en\/wp-json\/wp\/v2\/pages"}],"about":[{"href":"https:\/\/www.easr.se\/en\/wp-json\/wp\/v2\/types\/page"}],"author":[{"embeddable":true,"href":"https:\/\/www.easr.se\/en\/wp-json\/wp\/v2\/users\/16"}],"replies":[{"embeddable":true,"href":"https:\/\/www.easr.se\/en\/wp-json\/wp\/v2\/comments?post=1171"}],"version-history":[{"count":3,"href":"https:\/\/www.easr.se\/en\/wp-json\/wp\/v2\/pages\/1171\/revisions"}],"predecessor-version":[{"id":4717,"href":"https:\/\/www.easr.se\/en\/wp-json\/wp\/v2\/pages\/1171\/revisions\/4717"}],"up":[{"embeddable":true,"href":"https:\/\/www.easr.se\/en\/wp-json\/wp\/v2\/pages\/261"}],"wp:attachment":[{"href":"https:\/\/www.easr.se\/en\/wp-json\/wp\/v2\/media?parent=1171"}],"wp:term":[{"taxonomy":"category","embeddable":true,"href":"https:\/\/www.easr.se\/en\/wp-json\/wp\/v2\/categories?post=1171"},{"taxonomy":"post_tag","embeddable":true,"href":"https:\/\/www.easr.se\/en\/wp-json\/wp\/v2\/tags?post=1171"}],"curies":[{"name":"wp","href":"https:\/\/api.w.org\/{rel}","templated":true}]}}