{"id":150,"date":"2012-07-03T17:47:53","date_gmt":"2012-07-03T16:47:53","guid":{"rendered":"http:\/\/www.easr.se\/?page_id=150"},"modified":"2013-12-16T11:29:27","modified_gmt":"2013-12-16T09:29:27","slug":"kontakter","status":"publish","type":"page","link":"https:\/\/www.easr.se\/en\/kontakter\/","title":{"rendered":"Kontakter"},"content":{"rendered":"<p><strong>ESTNISKA L\u00c4KARF\u00d6RENINGEN I SVERIGEngg_shortcode_0_placeholder<\/strong><br \/>\nJungfru Stavas v\u00e4g 4<br \/>\n65346 Karlstad<br \/>\nSverige<\/p>\n<p>Tel. +46 54 562036<br \/>\nMob. +46 768166462<br \/>\neasr@easr.se<\/p>\n<p>Organisationsnummer 802455-3680<\/p>\n<p>Plusgiro konto 700804-8<br \/>\nVid betalning utanf\u00f6r Sverige<br \/>\nIBAN SE34 9500 0099 0700 8048<br \/>\nBIC NDEAASESS<\/p>","protected":false},"excerpt":{"rendered":"<p>ESTNISKA L\u00c4KARF\u00d6RENINGEN I SVERIGE Jungfru Stavas v\u00e4g 4 65346 Karlstad Sverige Tel. +46 54 562036 Mob. +46 768166462 easr@easr.se Organisationsnummer 802455-3680 Plusgiro konto 700804-8 Vid betalning utanf\u00f6r Sverige IBAN SE34 9500 0099 0700 8048 BIC NDEAASESS<\/p>","protected":false},"author":16,"featured_media":0,"parent":0,"menu_order":0,"comment_status":"closed","ping_status":"closed","template":"","meta":{"ngg_post_thumbnail":0,"footnotes":""},"categories":[],"tags":[],"_links":{"self":[{"href":"https:\/\/www.easr.se\/en\/wp-json\/wp\/v2\/pages\/150"}],"collection":[{"href":"https:\/\/www.easr.se\/en\/wp-json\/wp\/v2\/pages"}],"about":[{"href":"https:\/\/www.easr.se\/en\/wp-json\/wp\/v2\/types\/page"}],"author":[{"embeddable":true,"href":"https:\/\/www.easr.se\/en\/wp-json\/wp\/v2\/users\/16"}],"replies":[{"embeddable":true,"href":"https:\/\/www.easr.se\/en\/wp-json\/wp\/v2\/comments?post=150"}],"version-history":[{"count":2,"href":"https:\/\/www.easr.se\/en\/wp-json\/wp\/v2\/pages\/150\/revisions"}],"predecessor-version":[{"id":734,"href":"https:\/\/www.easr.se\/en\/wp-json\/wp\/v2\/pages\/150\/revisions\/734"}],"wp:attachment":[{"href":"https:\/\/www.easr.se\/en\/wp-json\/wp\/v2\/media?parent=150"}],"wp:term":[{"taxonomy":"category","embeddable":true,"href":"https:\/\/www.easr.se\/en\/wp-json\/wp\/v2\/categories?post=150"},{"taxonomy":"post_tag","embeddable":true,"href":"https:\/\/www.easr.se\/en\/wp-json\/wp\/v2\/tags?post=150"}],"curies":[{"name":"wp","href":"https:\/\/api.w.org\/{rel}","templated":true}]}}