{"id":201,"date":"2012-07-09T20:36:16","date_gmt":"2012-07-09T18:36:16","guid":{"rendered":"http:\/\/www.easr.se\/?page_id=201"},"modified":"2020-10-11T12:54:51","modified_gmt":"2020-10-11T10:54:51","slug":"eesti-arstide-selts-rootsis","status":"publish","type":"page","link":"https:\/\/www.easr.se\/en\/eesti-arstide-selts-rootsis\/","title":{"rendered":"Seltsist"},"content":{"rendered":"<div data-elementor-type=\"wp-page\" data-elementor-id=\"201\" class=\"elementor elementor-201\" data-elementor-post-type=\"page\">\n\t\t\t\t\t\t<section class=\"elementor-section elementor-top-section elementor-element elementor-element-5b2aad97 elementor-section-height-min-height elementor-section-boxed elementor-section-height-default elementor-section-items-middle\" data-id=\"5b2aad97\" data-element_type=\"section\" data-settings=\"{&quot;background_background&quot;:&quot;classic&quot;}\">\n\t\t\t\t\t\t<div class=\"elementor-container elementor-column-gap-default\">\n\t\t\t\t\t<div class=\"elementor-column elementor-col-100 elementor-top-column elementor-element elementor-element-637a5907\" data-id=\"637a5907\" data-element_type=\"column\">\n\t\t\t<div class=\"elementor-widget-wrap elementor-element-populated\">\n\t\t\t\t\t\t<div class=\"elementor-element elementor-element-61dfd729 elementor-widget elementor-widget-heading\" data-id=\"61dfd729\" data-element_type=\"widget\" data-widget_type=\"heading.default\">\n\t\t\t\t<div class=\"elementor-widget-container\">\n\t\t\t<h1 class=\"elementor-heading-title elementor-size-default\">Seltsist<\/h1>\t\t<\/div>\n\t\t\t\t<\/div>\n\t\t\t\t\t<\/div>\n\t\t<\/div>\n\t\t\t\t\t<\/div>\n\t\t<\/section>\n\t\t\t\t<section class=\"elementor-section elementor-top-section elementor-element elementor-element-d2e992f elementor-section-boxed elementor-section-height-default elementor-section-height-default\" data-id=\"d2e992f\" data-element_type=\"section\">\n\t\t\t\t\t\t<div class=\"elementor-container elementor-column-gap-default\">\n\t\t\t\t\t<div class=\"elementor-column elementor-col-100 elementor-top-column elementor-element elementor-element-5568c4d9\" data-id=\"5568c4d9\" data-element_type=\"column\">\n\t\t\t<div class=\"elementor-widget-wrap elementor-element-populated\">\n\t\t\t\t\t\t<div class=\"elementor-element elementor-element-54defd1e elementor-widget elementor-widget-text-editor\" data-id=\"54defd1e\" data-element_type=\"widget\" data-widget_type=\"text-editor.default\">\n\t\t\t\t<div class=\"elementor-widget-container\">\n\t\t\t\t\t\t\t<p dir=\"ltr\" style=\"line-height: 1.38; background-color: #ffffff; margin-top: 0pt; margin-bottom: 0pt; padding: 0pt 0pt 11pt 0pt;\"><span style=\"font-size: 11pt; font-family: Arial; color: #000000; background-color: transparent; font-weight: 400; font-style: normal; font-variant: normal; text-decoration: none; vertical-align: baseline; white-space: pre-wrap;\">Eesti Arstide Selts Rootsis (EASR) on Rootsis elavate ja t\u00f6\u00f6tavate Eesti p\u00e4ritoluga arstide, hambaarstide ja nende alade \u00fcli\u00f5pilasi koondav teaduslik-kollegiaalne <\/span><span style=\"font-size: 11pt; font-family: Arial; color: #000000; background-color: #ffffff; font-weight: 400; font-style: normal; font-variant: normal; text-decoration: none; vertical-align: baseline; white-space: pre-wrap;\">vabatahtlik mittetulundus<\/span><span style=\"font-size: 11pt; font-family: Arial; color: #000000; background-color: transparent; font-weight: 400; font-style: normal; font-variant: normal; text-decoration: none; vertical-align: baseline; white-space: pre-wrap;\">\u00fching. EASR asutati 1945. aastal Eestist okupatsiooni eest Rootsi p\u00f5genenud arstide poolt. Aastatel 1945-1988 <\/span><span style=\"font-size: 11pt; font-family: Arial; color: #000000; background-color: #ffffff; font-weight: 400; font-style: normal; font-variant: normal; text-decoration: none; vertical-align: baseline; white-space: pre-wrap;\">kandis EASR edasi Eesti Arstide Liidu traditsioone ja j\u00e4rjepidevust. Vaata ka EASR <a href=\"https:\/\/www.easr.se\/en\/eesti-arstide-selts-rootsis\/ajalugu\/\">ajalugu<\/a>.<\/span><span style=\"font-size: 11pt; font-family: Arial; color: #000000; background-color: transparent; font-weight: 400; font-style: normal; font-variant: normal; text-decoration: none; vertical-align: baseline; white-space: pre-wrap;\">&nbsp;<\/span><\/p>\n<p dir=\"ltr\" style=\"line-height: 1.38; background-color: #ffffff; margin-top: 0pt; margin-bottom: 0pt; padding: 0pt 0pt 11pt 0pt;\"><span style=\"background-color: transparent; color: #000000; font-family: Arial; font-size: 11pt; white-space: pre-wrap; text-indent: 36pt;\">Seltsi \u00fclesandeks on soodustada ja ergutada liikmete teaduslikku ja kutsealalist tegevust, edendada omavahelist suhtlemist ning luua sidemeid teiste samalaadiliste organisatsioonidega. 2020a. seisuga on seltsis 123 liiget kellest 2 on auliikmed. Liikmed elavad ja t\u00f6\u00f6tavad \u00fcle kogu Rootsi ja kohtuvad f\u00fc\u00fcsiliselt minimaalselt kaks korda aastas peakoosolekutel ning suvep\u00e4evadel. Seltsi juhib <a href=\"https:\/\/www.easr.se\/en\/seltsi-juhatus\/\">juhatus<\/a>, mis valitakse peakoosolekul kaheks aastaks.<\/span><\/p>\t\t\t\t\t\t<\/div>\n\t\t\t\t<\/div>\n\t\t\t\t\t<\/div>\n\t\t<\/div>\n\t\t\t\t\t<\/div>\n\t\t<\/section>\n\t\t\t\t<\/div>","protected":false},"excerpt":{"rendered":"<p>Seltsist Eesti Arstide Selts Rootsis (EASR) on Rootsis elavate ja t\u00f6\u00f6tavate Eesti p\u00e4ritoluga arstide, hambaarstide ja nende alade \u00fcli\u00f5pilasi koondav teaduslik-kollegiaalne vabatahtlik mittetulundus\u00fching. EASR asutati 1945. aastal Eestist okupatsiooni eest Rootsi p\u00f5genenud arstide poolt. Aastatel 1945-1988 kandis EASR edasi Eesti Arstide Liidu traditsioone ja j\u00e4rjepidevust. Vaata ka EASR ajalugu.&nbsp; Seltsi \u00fclesandeks on soodustada ja ergutada [&hellip;]<\/p>","protected":false},"author":16,"featured_media":0,"parent":0,"menu_order":0,"comment_status":"closed","ping_status":"closed","template":"elementor_header_footer","meta":{"ngg_post_thumbnail":0,"footnotes":""},"categories":[],"tags":[],"_links":{"self":[{"href":"https:\/\/www.easr.se\/en\/wp-json\/wp\/v2\/pages\/201"}],"collection":[{"href":"https:\/\/www.easr.se\/en\/wp-json\/wp\/v2\/pages"}],"about":[{"href":"https:\/\/www.easr.se\/en\/wp-json\/wp\/v2\/types\/page"}],"author":[{"embeddable":true,"href":"https:\/\/www.easr.se\/en\/wp-json\/wp\/v2\/users\/16"}],"replies":[{"embeddable":true,"href":"https:\/\/www.easr.se\/en\/wp-json\/wp\/v2\/comments?post=201"}],"version-history":[{"count":3,"href":"https:\/\/www.easr.se\/en\/wp-json\/wp\/v2\/pages\/201\/revisions"}],"predecessor-version":[{"id":3547,"href":"https:\/\/www.easr.se\/en\/wp-json\/wp\/v2\/pages\/201\/revisions\/3547"}],"wp:attachment":[{"href":"https:\/\/www.easr.se\/en\/wp-json\/wp\/v2\/media?parent=201"}],"wp:term":[{"taxonomy":"category","embeddable":true,"href":"https:\/\/www.easr.se\/en\/wp-json\/wp\/v2\/categories?post=201"},{"taxonomy":"post_tag","embeddable":true,"href":"https:\/\/www.easr.se\/en\/wp-json\/wp\/v2\/tags?post=201"}],"curies":[{"name":"wp","href":"https:\/\/api.w.org\/{rel}","templated":true}]}}