{"id":255,"date":"2012-07-31T12:35:15","date_gmt":"2012-07-31T10:35:15","guid":{"rendered":"http:\/\/www.easr.se\/?page_id=255"},"modified":"2020-10-15T17:40:56","modified_gmt":"2020-10-15T15:40:56","slug":"ajalugu","status":"publish","type":"page","link":"https:\/\/www.easr.se\/en\/eesti-arstide-selts-rootsis\/ajalugu\/","title":{"rendered":"Ajalugu"},"content":{"rendered":"<div data-elementor-type=\"wp-page\" data-elementor-id=\"255\" class=\"elementor elementor-255\" data-elementor-post-type=\"page\">\n\t\t\t\t\t\t<section class=\"elementor-section elementor-top-section elementor-element elementor-element-136fe15 elementor-section-height-min-height elementor-section-boxed elementor-section-height-default elementor-section-items-middle\" data-id=\"136fe15\" data-element_type=\"section\" data-settings=\"{&quot;background_background&quot;:&quot;classic&quot;}\">\n\t\t\t\t\t\t<div class=\"elementor-container elementor-column-gap-default\">\n\t\t\t\t\t<div class=\"elementor-column elementor-col-100 elementor-top-column elementor-element elementor-element-28632ec5\" data-id=\"28632ec5\" data-element_type=\"column\">\n\t\t\t<div class=\"elementor-widget-wrap elementor-element-populated\">\n\t\t\t\t\t\t<div class=\"elementor-element elementor-element-2af01a0d elementor-widget elementor-widget-heading\" data-id=\"2af01a0d\" data-element_type=\"widget\" data-widget_type=\"heading.default\">\n\t\t\t\t<div class=\"elementor-widget-container\">\n\t\t\t<h1 class=\"elementor-heading-title elementor-size-default\">Ajalugu<\/h1>\t\t<\/div>\n\t\t\t\t<\/div>\n\t\t\t\t\t<\/div>\n\t\t<\/div>\n\t\t\t\t\t<\/div>\n\t\t<\/section>\n\t\t\t\t<section class=\"elementor-section elementor-top-section elementor-element elementor-element-74c5e9da elementor-section-boxed elementor-section-height-default elementor-section-height-default\" data-id=\"74c5e9da\" data-element_type=\"section\">\n\t\t\t\t\t\t<div class=\"elementor-container elementor-column-gap-default\">\n\t\t\t\t\t<div class=\"elementor-column elementor-col-100 elementor-top-column elementor-element elementor-element-585b87f5\" data-id=\"585b87f5\" data-element_type=\"column\">\n\t\t\t<div class=\"elementor-widget-wrap elementor-element-populated\">\n\t\t\t\t\t\t<div class=\"elementor-element elementor-element-1f533c6f elementor-widget elementor-widget-text-editor\" data-id=\"1f533c6f\" data-element_type=\"widget\" data-widget_type=\"text-editor.default\">\n\t\t\t\t<div class=\"elementor-widget-container\">\n\t\t\t\t\t\t\t<section aria-label=\"Page 1\"><\/section>\n<p><\/p>\n<p dir=\"ltr\" style=\"line-height:1.800012;margin-top:3pt;margin-bottom:3pt;\"><span style=\"font-size:11pt;font-family:Roboto,sans-serif;color:#7a7a7a;background-color:transparent;font-weight:700;font-style:normal;font-variant:normal;text-decoration:none;vertical-align:baseline;white-space:pre;white-space:pre-wrap;\">Eesti Arstide Selts Rootsis S\u00fcnnilugu<\/span><\/p>\n<p dir=\"ltr\" style=\"line-height: 1.800012; margin-top: 3pt; margin-bottom: 3pt;\"><span><\/span><\/p>\n<p dir=\"ltr\" style=\"line-height:1.800012;margin-top:3pt;margin-bottom:3pt;\"><span style=\"font-size:11pt;font-family:Roboto,sans-serif;color:#7a7a7a;background-color:transparent;font-weight:300;font-style:normal;font-variant:normal;text-decoration:none;vertical-align:baseline;white-space:pre;white-space:pre-wrap;\">Suure p\u00f5genemisega Eestist s\u00fcgisel 1944 saabus Rootsi 119 arsti ja 10 hambaarsti, nende hulgas 7 professorit, 7 dotsenti ja veel 8 meditsiinidoktorit. Rahvuslik \u00fchtekuuluvus, t\u00f6\u00f6 leidmise mured ja informatsioonivajadus t\u00f5i m\u00f5ned kolleegid kokku juba jaanuaris 1945. Eesti Arstide Seltsi Rootsis (EASR) asutamiskoosolek leidis aset 40 kolleegi osav\u00f5tul 6. aprillil 1945. T\u00e4hele on pandud, et omaaegse Eesti Arstideseltside Liidu viimane esimees, selle sulgemisel septembris 1940, professor Aadu L\u00fc\u00fcs oma \u00f5nnitluskirjaga EASR-i asutamise puhul l\u00f5i aluse vabade eesti arstide \u00fchisorganisatsiooni j\u00e4rjepidevuse kehtestamiseks. Esimeses juhatuses oli neuroloogia professor Johannes Riives esimehena ning kirurg Herman Rossmann, patoloog Elmar Jakobson, professor Franz Grant ja hambaarst A. Paomees. EASR pidi mitmel juhul Rootsi ametiv\u00f5imudele andma poliitilisi selgitusi liikmete mineviku kohta. Ka v\u00f5ttis EASR endale Inglismaalt ajendatud \u00fclesandeks ette valmistada meditsiinilist teenindust Eesti pinnal m\u00f5eldavas s\u00f5jaolukorras. <\/span><\/p>\n<p dir=\"ltr\" style=\"line-height:1.38;background-color:#ffffff;margin-top:0pt;margin-bottom:0pt;padding:0pt 0pt 11pt 0pt;\"><span style=\"font-size:11pt;font-family:Roboto,sans-serif;color:#7a7a7a;background-color:transparent;font-weight:300;font-style:normal;font-variant:normal;text-decoration:none;vertical-align:baseline;white-space:pre;white-space:pre-wrap;\">P\u00e4rast tosinat aastat vaibus EASR-i aktiivsem tegevus ja teine tosin aastaid tegutsesid ainult allesolevad juhatusliikmed. Uusi liikmeid ei v\u00e4rvatud. Aastal 1969 toimus algatus EASR-i tegevuse elustamiseks. Valiti uus juhatus eesotsas r\u00f6ntgeni \u00fclemarsti Jaan Novekiga. T\u00e4nu tema energilisele organiseerimisele kasvas liikmeskond, v\u00f5eti hulgaliselt osa EASR-i \u00fcritustest ning suudeti noori kolleege ja \u00fcli\u00f5pilasi ligi t\u00f5mmata. Leidus ka teaduslikku tegevust, muuhulgas \u00dclemaailsete Eesti Arstidep\u00e4evade ja aastaraamatute v\u00e4ljaandmise n\u00e4ol. Noveki eestvedamisel koguti liikmetelt nende teadust\u00f6\u00f6de eksemplare ja separaate. Paljudel aastatel toimusid peod, kus ei puudunud oma j\u00f5ududega &#8220;Salongiteater.&#8221;<\/span><\/p><p dir=\"ltr\" style=\"line-height:1.38;background-color:#ffffff;margin-top:0pt;margin-bottom:0pt;padding:0pt 0pt 11pt 0pt;\"><span style=\"font-size:11pt;font-family:Roboto,sans-serif;color:#7a7a7a;background-color:transparent;font-weight:300;font-style:normal;font-variant:normal;text-decoration:none;vertical-align:baseline;white-space:pre;white-space:pre-wrap;\">Aastatel 1982-90 oli esimeheks silmahaiguste dotsent Peep Algvere. Aastal 1989 oli liikmete nimestikus 311 nime, nende hulgas m\u00f5ned \u00fcli\u00f5pilased. P\u00e4\u00e4le selle oli Noveki agarus tegutsema pannud eesti kolleege muudel maadel ja kontinentidel. Laulev revolutsioon, kodumaise Eesti Arstide Liidu taasloomine ja tihedate sidemete avanemine Rootsi ja Eesti vahel l\u00f5id hoopis uued sihid ja v\u00f5imalused EASR-ile. Algasid mitmesugused n\u00f5ustamised, kontaktivahendamised, \u00f5petamised ja abistamised vastavalt taas iseseisvas Eestis ilmnevatele vajadustele, seda nii EASR-i kaudu kui erialade piires. T\u00f6\u00f6tas ka kongressistipendiumide jagamine teadushuvilistele. Niisugune laiemas m\u00f5ttes abistav tegevus kestis umbes 1990-ndate keskpaigani. EASRi esimeheks nendel aastatel oli kohtups\u00fchhiaater Ants Anderson. Hiljem olid esimeesteks biokeemik Einar Berggren ja kirurgiadotsent Argo K\u00f5vamees.<\/span><\/p><p dir=\"ltr\" style=\"line-height:1.38;background-color:#ffffff;margin-top:0pt;margin-bottom:0pt;padding:0pt 0pt 11pt 0pt;\"><span style=\"font-size:11pt;font-family:Roboto,sans-serif;color:#7a7a7a;background-color:transparent;font-weight:300;font-style:normal;font-variant:normal;text-decoration:none;vertical-align:baseline;white-space:pre;white-space:pre-wrap;\">Sajandivahetusel tuli Andersonil uuesti esimehe \u00fclesanded vastu v\u00f5tta. EASR oli n\u00fc\u00fcd tublisti n\u00f5rgenenud ja selle liikmeskond vananenud. Nooremad kolleegid olid juba rootsistumas ja neid ei olnud v\u00e4hene tegevus ligi t\u00f5mmanud. EASR oli oma m\u00f5tte suurelt jaolt kaotanud ja oli h\u00e4\u00e4bumas. Samaaegselt oli Rootsi hakanud vastu v\u00f5tma v\u00f5i koguni teadlikult importima arste Eestist. V\u00e4rmlandi maakonda imporditud kaksk\u00fcmmend noort eesti arsti t\u00e4hendasid uut lootust EASRi \u00fcleelamiseks. Alates sondeerimistega 2004. a. osutus v\u00f5imalikuks veebruaris 2007 \u00fcle anda EASR-i kogu juhatamine uutele v\u00e4liseestlastele, kelle hulgas Karl V\u00e4\u00e4rt oli sobiv uueks esimeheks. Noorem liikmeskond on t\u00e4hendanud sportlikumat tegevust ja uudsusena on populaarseks saanud iga-aastased suvep\u00e4evad.<\/span><\/p><p><span><\/span><\/p><p dir=\"ltr\" style=\"line-height:1.38;background-color:#ffffff;margin-top:0pt;margin-bottom:11pt;\"><span style=\"font-size:11pt;font-family:Roboto,sans-serif;color:#7a7a7a;background-color:transparent;font-weight:300;font-style:normal;font-variant:normal;text-decoration:none;vertical-align:baseline;white-space:pre;white-space:pre-wrap;\">EASR-i auliikmeteks on aastate jooksul valitud Elmar Jakobson, Erik Undritz, Eldur Velliste (ainus mitte-arst), Argo K\u00f5vamees, Jaan Novek, Olaf Kibe, Ilo K\u00e4bin ja Ants Anderson. EASR-i mahukas arhiiv asub Eesti Riigiarhiivis.<\/span><\/p>\n<p><strong>&nbsp;<\/strong><\/p>\n<p><strong>&nbsp;<\/strong><\/p>\n<p dir=\"ltr\" style=\"line-height:1.38;background-color:#ffffff;margin-top:0pt;margin-bottom:0pt;padding:0pt 0pt 11pt 0pt;\"><span style=\"font-size: 11pt; font-family: Roboto, sans-serif; color: rgb(122, 122, 122); background-color: transparent; font-style: normal; font-variant: normal; text-decoration: none; vertical-align: baseline; white-space: pre-wrap;\"><b>Eesti Arstide Selts Rootsis J\u00e4tkulugu (17.08.2020)<\/b><\/span><\/p>\n<p dir=\"ltr\" style=\"line-height:1.38;background-color:#ffffff;margin-top:0pt;margin-bottom:0pt;padding:0pt 0pt 11pt 0pt;\"><span style=\"font-size:11pt;font-family:Roboto,sans-serif;color:#7a7a7a;background-color:transparent;font-weight:300;font-style:normal;font-variant:normal;text-decoration:none;vertical-align:baseline;white-space:pre;white-space:pre-wrap;\">Ehk sellise peakirjaga v\u00f5iks j\u00e4tkata seltsi edasist tegevust p\u00e4rast k\u00f5iksugu formaalsuste \u00fclev\u00f5tmist auv\u00e4\u00e4rsetelt kolleegidelt Rootsis alates 2007 a. 2006 a. juhtis seltsi sisuliselt vanade olijate&nbsp; ja uustulnukate juhatus. Ants Andersoni s\u00f5bralik ja kogemusterikas tugi uuele juhatusele on olnud t\u00e4nuv\u00e4\u00e4rne ja h\u00e4davajalik. Seeniorliikmete hulgas valitses lootus uuele seltsile, mis suudaks liita&nbsp; olemasolevad eesti arstid Rootsis j\u00e4llegi sisukaks, eestlust kandvaks arstkonnaks v\u00e4ljaspool Eestit. Valdavalt V\u00e4rmlandis paiknevate uustulnukate motivatsiooniks oli omakorda leida tee eesti keelt k\u00f5nelavate arstideni Rootsis. Seltsi liikmeskond oli kahanenud 2007 a. kusagil 130 liikmeni.&nbsp; Seltsi kuulusid enamuses eakad kolleegid. Eesti arstide v\u00e4ljar\u00e4nde Rootsi tingisid paremad t\u00f6\u00f6- ja elamistingimused.&nbsp; Aastatel 2000-2012 on Rootsi kolinud v\u00e4hemalt 40 kolleegi.&nbsp; Uue juhatuse v\u00e4ljakutseks oli leida eesti arste \u00fchendavad tegevused Rootsis.&nbsp;<\/span><\/p>\n<p dir=\"ltr\" style=\"line-height:1.38;background-color:#ffffff;margin-top:0pt;margin-bottom:0pt;padding:0pt 0pt 11pt 0pt;\"><span style=\"font-size:11pt;font-family:Roboto,sans-serif;color:#7a7a7a;background-color:transparent;font-weight:300;font-style:normal;font-variant:normal;text-decoration:none;vertical-align:baseline;white-space:pre;white-space:pre-wrap;\">Suvep\u00e4evade traditsiooni k\u00e4ivitamisega alates 2006 a \u00f5nnestus seltsi tegevusse kaasata nii eesti arste kui ka nende pereliikmeid. See on senini h\u00e4sti toimunud kokkusaamise formaalne kohtumispaik juhatuse ja &#8211; peakoosolekute k\u00f5rval. Suvep\u00e4evad on seni toimunud Medskogsj\u00f6 k\u00e4mpingus( 2006), Eesti skautide kodus Metsakodus ( 2007, 2009, 2013, 2016, 2019), Gotlandil (2010), ELA suvekodus (2011), Veskij\u00e4rvel (2014), \u00d6landil (2015) . Suvep\u00e4evade osalejate arv koos pereliikmetega on olnud 15-50 inimese ringis, sh kolleegidega Eestist ning Soomest. \u00dclepingutamata v\u00f5iks lugeda kohtumist Rootsi ja Soome eesti kolleegide vahel Ahvenamaal 2008 a ajalooliselt t\u00e4htsaks \u00fcrituseks. EASR eeskujul ja soome kolleegide tahtel loodi alus peatselt tekkinud Eesti Arstide Seltsile Soomes.<\/span><\/p>\n<p dir=\"ltr\" style=\"line-height:1.38;background-color:#ffffff;margin-top:0pt;margin-bottom:0pt;padding:0pt 0pt 11pt 0pt;\"><span style=\"font-size:11pt;font-family:Roboto,sans-serif;color:#7a7a7a;background-color:transparent;font-weight:300;font-style:normal;font-variant:normal;text-decoration:none;vertical-align:baseline;white-space:pre;white-space:pre-wrap;\">P\u00e4rast Eesti Arstide Liidu taasloomist on EASR-s olnud aruteluks liitumisek\u00fcsimus, mis sai teoks 2010.a novembris p\u00e4rast liitumisl\u00e4bir\u00e4\u00e4kimisi. EASR-st sai seega EAL-i piirkondlik organisatsioon.&nbsp; Seltsil on oma esindaja on Eesti Arstide Liidu volikogus. Marina Tuutma (hetkel Rootsi Perearstide Seltsi esinaine) ja Karl V\u00e4\u00e4rt on esinenud ettekannetega Eesti Arstid P\u00e4evadel. Seltsi 70. aastap\u00e4eva t\u00e4histamine toimus Stockholmi Eesti Majas 17.oktoobril 2015 a. Ettekannete ja \u00f5nnesoovidega esinesid Eesti Stockholmi Suursaatkonna saadik, Eesti Arstide Liidu esindaja, Rootsi Arstide Liidu esindaja, Eesti Soome Arstid Liidu esindajad ning seltsi auliikmed.<\/span><\/p>\n<p dir=\"ltr\" style=\"line-height:1.38;background-color:#ffffff;margin-top:0pt;margin-bottom:0pt;padding:0pt 0pt 11pt 0pt;\"><span style=\"font-size:11pt;font-family:Roboto,sans-serif;color:#7a7a7a;background-color:transparent;font-weight:300;font-style:normal;font-variant:normal;text-decoration:none;vertical-align:baseline;white-space:pre;white-space:pre-wrap;\">EASR juhatuse liikmeid on regulaarselt kutsutud Stockholmi Eesti Vabariigi Suursaatkonna ja Rootsi Eestlaste Liidu \u00fcritustele, kus v\u00f5imaluse piires on ka k\u00e4idud. Seltsi sisene kommunikatsioon on tehnilises m\u00f5ttes uuenenud. Seltsil on kodulehek\u00fclg www.easr.se , kus leiab infot nii k\u00fclastaja kui ka seltsi liige. Seltsi koduleht teeb \u00e4sja l\u00e4bi uuenduskuuri.&nbsp;<\/span><\/p>\n<p dir=\"ltr\" style=\"line-height:1.38;background-color:#ffffff;margin-top:0pt;margin-bottom:0pt;padding:0pt 0pt 11pt 0pt;\"><span style=\"font-size:11pt;font-family:Roboto,sans-serif;color:#7a7a7a;background-color:transparent;font-weight:300;font-style:normal;font-variant:normal;text-decoration:none;vertical-align:baseline;white-space:pre;white-space:pre-wrap;\">Selts on arenenud ja p\u00fcsima j\u00e4\u00e4nud ainult t\u00e4nu aktiivsetele liikmetele. Ideesid, kuidas edasi areneda, on palju. Paraku on heade ideede k\u00e4ivitamine n\u00f5udnud pingutusi valdavalt ajalise resursina, mis t\u00f6\u00f6 ja pereelu k\u00f5rvalt pole olnud kerge kellelegi.&nbsp; EASR idenditeet pole viimastel aastatel n\u00f5rgenenud.&nbsp; L\u00e4bi kohtumiste Eesti, Soome ja Rootsi kolleegidega on v\u00e4ljasettinud \u00fchised teemad, millega seltsi juhatus oma tegevusplaanides on arvestanud.<\/span><\/p>\n<p dir=\"ltr\" style=\"line-height:1.38;background-color:#ffffff;margin-top:0pt;margin-bottom:0pt;padding:0pt 0pt 11pt 0pt;\"><span style=\"font-size:11pt;font-family:Roboto,sans-serif;color:#7a7a7a;background-color:transparent;font-weight:300;font-style:normal;font-variant:normal;text-decoration:none;vertical-align:baseline;white-space:pre;white-space:pre-wrap;\">Karl V\u00e4\u00e4rt<\/span><\/p>\n<p dir=\"ltr\" style=\"line-height:1.38;background-color:#ffffff;margin-top:0pt;margin-bottom:0pt;padding:0pt 0pt 11pt 0pt;\"><span><\/span><\/p>\n<p dir=\"ltr\" style=\"line-height:1.38;background-color:#ffffff;margin-top:0pt;margin-bottom:11pt;\"><span style=\"font-size:11pt;font-family:Roboto,sans-serif;color:#7a7a7a;background-color:transparent;font-weight:300;font-style:normal;font-variant:normal;text-decoration:none;vertical-align:baseline;white-space:pre;white-space:pre-wrap;\">Seltsi&nbsp; esimees 2007-2020 a.<\/span><\/p>\n<p dir=\"ltr\" style=\"line-height:1.38;background-color:#ffffff;margin-top:0pt;margin-bottom:11pt;\"><span style=\"font-size:11pt;font-family:Roboto,sans-serif;color:#7a7a7a;background-color:transparent;font-weight:300;font-style:normal;font-variant:normal;text-decoration:none;vertical-align:baseline;white-space:pre;white-space:pre-wrap;\"><br><\/span><\/p>\n<p dir=\"ltr\" style=\"line-height:1.800012;margin-top:3pt;margin-bottom:3pt;\"><span style=\"font-size: 9pt; font-family: Roboto, sans-serif; color: rgb(29, 28, 29); background-color: transparent; font-weight: 300; font-style: normal; font-variant: normal; vertical-align: baseline; white-space: pre-wrap;\"><u>Kirjandusviiteid:<\/u><\/span><\/p>\n<p dir=\"ltr\" style=\"line-height:1.800012;margin-top:3pt;margin-bottom:3pt;\"><span style=\"font-size:9pt;font-family:Roboto,sans-serif;color:#1d1c1d;background-color:transparent;font-weight:300;font-style:normal;font-variant:normal;text-decoration:none;vertical-align:baseline;white-space:pre;white-space:pre-wrap;\">1. Novek J (Lasting P, toim): Eesti Arstide Selts Rootsis. Tartu: Atlex, 1997.<\/span><\/p>\n<p dir=\"ltr\" style=\"line-height:1.38;background-color:#ffffff;margin-top:0pt;margin-bottom:11pt;\"><span style=\"font-size:11pt;font-family:Roboto,sans-serif;color:#7a7a7a;background-color:transparent;font-weight:300;font-style:normal;font-variant:normal;text-decoration:none;vertical-align:baseline;white-space:pre;white-space:pre-wrap;\"><span><\/span><\/span><\/p>\n<p dir=\"ltr\" style=\"line-height:1.800012;margin-top:3pt;margin-bottom:3pt;\"><span style=\"font-size:9pt;font-family:Roboto,sans-serif;color:#1d1c1d;background-color:transparent;font-weight:300;font-style:normal;font-variant:normal;text-decoration:none;vertical-align:baseline;white-space:pre;white-space:pre-wrap;\">2. Anderson A: Eesti Arstide Seltsi Rootsis muutumised. Eesti Arst 2004; 83 :788-789 (nr 11).)<\/span><\/p>\t\t\t\t\t\t<\/div>\n\t\t\t\t<\/div>\n\t\t\t\t\t<\/div>\n\t\t<\/div>\n\t\t\t\t\t<\/div>\n\t\t<\/section>\n\t\t\t\t<\/div>","protected":false},"excerpt":{"rendered":"<p>Ajalugu Eesti Arstide Selts Rootsis S\u00fcnnilugu Suure p\u00f5genemisega Eestist s\u00fcgisel 1944 saabus Rootsi 119 arsti ja 10 hambaarsti, nende hulgas 7 professorit, 7 dotsenti ja veel 8 meditsiinidoktorit. Rahvuslik \u00fchtekuuluvus, t\u00f6\u00f6 leidmise mured ja informatsioonivajadus t\u00f5i m\u00f5ned kolleegid kokku juba jaanuaris 1945. Eesti Arstide Seltsi Rootsis (EASR) asutamiskoosolek leidis aset 40 kolleegi osav\u00f5tul 6. aprillil [&hellip;]<\/p>","protected":false},"author":16,"featured_media":0,"parent":201,"menu_order":0,"comment_status":"closed","ping_status":"closed","template":"elementor_header_footer","meta":{"ngg_post_thumbnail":0,"footnotes":""},"categories":[],"tags":[],"_links":{"self":[{"href":"https:\/\/www.easr.se\/en\/wp-json\/wp\/v2\/pages\/255"}],"collection":[{"href":"https:\/\/www.easr.se\/en\/wp-json\/wp\/v2\/pages"}],"about":[{"href":"https:\/\/www.easr.se\/en\/wp-json\/wp\/v2\/types\/page"}],"author":[{"embeddable":true,"href":"https:\/\/www.easr.se\/en\/wp-json\/wp\/v2\/users\/16"}],"replies":[{"embeddable":true,"href":"https:\/\/www.easr.se\/en\/wp-json\/wp\/v2\/comments?post=255"}],"version-history":[{"count":3,"href":"https:\/\/www.easr.se\/en\/wp-json\/wp\/v2\/pages\/255\/revisions"}],"predecessor-version":[{"id":3580,"href":"https:\/\/www.easr.se\/en\/wp-json\/wp\/v2\/pages\/255\/revisions\/3580"}],"up":[{"embeddable":true,"href":"https:\/\/www.easr.se\/en\/wp-json\/wp\/v2\/pages\/201"}],"wp:attachment":[{"href":"https:\/\/www.easr.se\/en\/wp-json\/wp\/v2\/media?parent=255"}],"wp:term":[{"taxonomy":"category","embeddable":true,"href":"https:\/\/www.easr.se\/en\/wp-json\/wp\/v2\/categories?post=255"},{"taxonomy":"post_tag","embeddable":true,"href":"https:\/\/www.easr.se\/en\/wp-json\/wp\/v2\/tags?post=255"}],"curies":[{"name":"wp","href":"https:\/\/api.w.org\/{rel}","templated":true}]}}