{"id":3196,"date":"2020-08-16T02:44:45","date_gmt":"2020-08-16T00:44:45","guid":{"rendered":"https:\/\/www.easr.se\/register\/"},"modified":"2022-02-23T22:30:10","modified_gmt":"2022-02-23T20:30:10","slug":"register","status":"publish","type":"page","link":"https:\/\/www.easr.se\/en\/register\/","title":{"rendered":"Register"},"content":{"rendered":"<div data-elementor-type=\"wp-page\" data-elementor-id=\"3196\" class=\"elementor elementor-3196\" data-elementor-post-type=\"page\">\n\t\t\t\t\t\t<section class=\"elementor-section elementor-top-section elementor-element elementor-element-43070d9 elementor-section-height-min-height elementor-section-boxed elementor-section-height-default elementor-section-items-middle\" data-id=\"43070d9\" data-element_type=\"section\" data-settings=\"{&quot;background_background&quot;:&quot;classic&quot;}\">\n\t\t\t\t\t\t<div class=\"elementor-container elementor-column-gap-default\">\n\t\t\t\t\t<div class=\"elementor-column elementor-col-100 elementor-top-column elementor-element elementor-element-194ea116\" data-id=\"194ea116\" data-element_type=\"column\">\n\t\t\t<div class=\"elementor-widget-wrap elementor-element-populated\">\n\t\t\t\t\t\t<div class=\"elementor-element elementor-element-4fc92f46 elementor-widget elementor-widget-heading\" data-id=\"4fc92f46\" data-element_type=\"widget\" data-widget_type=\"heading.default\">\n\t\t\t\t<div class=\"elementor-widget-container\">\n\t\t\t<h1 class=\"elementor-heading-title elementor-size-default\">Liitumine<\/h1>\t\t<\/div>\n\t\t\t\t<\/div>\n\t\t\t\t\t<\/div>\n\t\t<\/div>\n\t\t\t\t\t<\/div>\n\t\t<\/section>\n\t\t\t\t<section class=\"elementor-section elementor-top-section elementor-element elementor-element-3b2e4d00 elementor-section-boxed elementor-section-height-default elementor-section-height-default\" data-id=\"3b2e4d00\" data-element_type=\"section\">\n\t\t\t\t\t\t<div class=\"elementor-container elementor-column-gap-default\">\n\t\t\t\t\t<div class=\"elementor-column elementor-col-50 elementor-top-column elementor-element elementor-element-3f3f5735\" data-id=\"3f3f5735\" data-element_type=\"column\">\n\t\t\t<div class=\"elementor-widget-wrap elementor-element-populated\">\n\t\t\t\t\t\t<div class=\"elementor-element elementor-element-a60cd90 elementor-widget elementor-widget-text-editor\" data-id=\"a60cd90\" data-element_type=\"widget\" data-widget_type=\"text-editor.default\">\n\t\t\t\t<div class=\"elementor-widget-container\">\n\t\t\t\t\t\t\t<p><span style=\"font-weight: 400;\">Seltsi liikmemaks on 500 SEK aastas. Uutele liitujatele on esimene aasta liikmemaksuvaba.\u00a0<\/span><\/p><p><span style=\"font-weight: 400;\">Tere tulemast ning peatse kohtumiseni!<\/span><\/p>\t\t\t\t\t\t<\/div>\n\t\t\t\t<\/div>\n\t\t\t\t<div class=\"elementor-element elementor-element-3b56333 elementor-widget elementor-widget-text-editor\" data-id=\"3b56333\" data-element_type=\"widget\" data-widget_type=\"text-editor.default\">\n\t\t\t\t<div class=\"elementor-widget-container\">\n\t\t\t\t\t\t\t<p><span style=\"font-weight: 400;\">Kogume ainult infot, mis on Seltsi toimimiseks vajalik. Me ei jaga seda kolmandatele osapooltele\u00a0 (patsiendid, t\u00f6\u00f6j\u00f5uv\u00e4rbajad) ega m\u00fc\u00fc seda reklaamiks. Oma liikmelisuse l\u00f5petamiseks kirjuta meile <\/span><a href=\"mailto:easr@easr.se\"><span style=\"font-weight: 400;\">easr@easr.se<\/span><\/a><span style=\"font-weight: 400;\">.\u00a0<\/span><\/p>\t\t\t\t\t\t<\/div>\n\t\t\t\t<\/div>\n\t\t\t\t\t<\/div>\n\t\t<\/div>\n\t\t\t\t<div class=\"elementor-column elementor-col-50 elementor-top-column elementor-element elementor-element-18b8405\" data-id=\"18b8405\" data-element_type=\"column\">\n\t\t\t<div class=\"elementor-widget-wrap elementor-element-populated\">\n\t\t\t\t\t\t<div class=\"elementor-element elementor-element-c666fae elementor-widget elementor-widget-shortcode\" data-id=\"c666fae\" data-element_type=\"widget\" data-widget_type=\"shortcode.default\">\n\t\t\t\t<div class=\"elementor-widget-container\">\n\t\t\t\t\t<div class=\"elementor-shortcode\">\r\n<div class=\"um um-register um-3190\">\r\n\r\n\t<div class=\"um-form\" data-mode=\"register\">\r\n\r\n\t\t<form method=\"post\" action=\"\" data-trp-original-action=\"\">\r\n\r\n\t\t\t<div class=\"um-row _um_row_1\" style=\"margin: 0 0 30px 0;\"><div class=\"um-col-1\"><div  id=\"um_field_3190_user_login\" class=\"um-field um-field-text  um-field-user_login um-field-text um-field-type_text\" data-key=\"user_login\"><div class=\"um-field-label\"><label for=\"user_login-3190\">Kasutajanimi*<\/label><div class=\"um-clear\"><\/div><\/div><div class=\"um-field-area\"><input  autocomplete=\"off\" class=\"um-form-field valid\" type=\"text\" name=\"user_login-3190\" id=\"user_login-3190\" value=\"\" placeholder=\"\" data-validate=\"unique_username\" data-key=\"user_login\"  aria-invalid=\"false\" \/>\n\n\t\t\t\t\t\t<\/div><\/div><div  id=\"um_field_3190_first_name\" class=\"um-field um-field-text  um-field-first_name um-field-text um-field-type_text\" data-key=\"first_name\"><div class=\"um-field-label\"><label for=\"first_name-3190\">Eesnimi*<\/label><div class=\"um-clear\"><\/div><\/div><div class=\"um-field-area\"><input  autocomplete=\"off\" class=\"um-form-field valid\" type=\"text\" name=\"first_name-3190\" id=\"first_name-3190\" value=\"\" placeholder=\"\" data-validate=\"\" data-key=\"first_name\"  aria-invalid=\"false\" \/>\n\n\t\t\t\t\t\t<\/div><\/div><div  id=\"um_field_3190_last_name\" class=\"um-field um-field-text  um-field-last_name um-field-text um-field-type_text\" data-key=\"last_name\"><div class=\"um-field-label\"><label for=\"last_name-3190\">Perekonnanimi*<\/label><div class=\"um-clear\"><\/div><\/div><div class=\"um-field-area\"><input  autocomplete=\"off\" class=\"um-form-field valid\" type=\"text\" name=\"last_name-3190\" id=\"last_name-3190\" value=\"\" placeholder=\"\" data-validate=\"\" data-key=\"last_name\"  aria-invalid=\"false\" \/>\n\n\t\t\t\t\t\t<\/div><\/div><div  id=\"um_field_3190_user_email\" class=\"um-field um-field-text  um-field-user_email um-field-text um-field-type_text\" data-key=\"user_email\"><div class=\"um-field-label\"><label for=\"user_email-3190\">E-mail*<\/label><div class=\"um-clear\"><\/div><\/div><div class=\"um-field-area\"><input  autocomplete=\"off\" class=\"um-form-field valid\" type=\"text\" name=\"user_email-3190\" id=\"user_email-3190\" value=\"\" placeholder=\"\" data-validate=\"unique_email\" data-key=\"user_email\"  aria-invalid=\"false\" \/>\n\n\t\t\t\t\t\t<\/div><\/div><div  id=\"um_field_3190_phone\" class=\"um-field um-field-number  um-field-phone um-field-number um-field-type_number\" data-key=\"phone\"><div class=\"um-field-label\"><label for=\"phone-3190\">Telefon*<\/label><div class=\"um-clear\"><\/div><\/div><div class=\"um-field-area\"><input  class=\"um-form-field valid\" type=\"number\" name=\"phone-3190\" id=\"phone-3190\" value=\"\" placeholder=\"\" data-validate=\"0\" data-key=\"phone\"   aria-invalid=\"false\" \/>\n\n\t\t\t\t\t\t<\/div><\/div><div  id=\"um_field_3190_user_password\" class=\"um-field um-field-password  um-field-user_password um-field-password um-field-type_password\" data-key=\"user_password\"><div class=\"um-field-label\"><label for=\"user_password-3190\">Parool*<\/label><div class=\"um-clear\"><\/div><\/div><div class=\"um-field-area\"><input class=\"um-form-field valid\" type=\"password\" name=\"user_password-3190\" id=\"user_password-3190\" value=\"\" placeholder=\"\" data-validate=\"\" data-key=\"user_password\"  aria-invalid=\"false\" \/>\n\n\t\t\t\t\t\t\t<\/div><\/div><div  id=\"um_field_3190_confirm_user_password\" class=\"um-field um-field-password  um-field-user_password um-field-password um-field-type_password\" data-key=\"confirm_user_password\"><div class=\"um-field-label\"><label for=\"confirm_user_password-3190\">Confirm Parool*<\/label><div class=\"um-clear\"><\/div><\/div><div class=\"um-field-area\"><input class=\"um-form-field valid\" type=\"password\" name=\"confirm_user_password-3190\" id=\"confirm_user_password-3190\" value=\"\" placeholder=\"Confirm Parool*\" data-validate=\"\" data-key=\"confirm_user_password\"  aria-invalid=\"false\" \/><\/div><\/div><div  id=\"um_field_3190_birthday\" class=\"um-field um-field-date  um-field-birthday um-field-date um-field-type_date\" data-key=\"birthday\"><div class=\"um-field-label\"><label for=\"birthday-3190\">S\u00fcnnikuup\u00e4ev*<\/label><div class=\"um-clear\"><\/div><\/div><div class=\"um-field-area\"><input   class=\"um-form-field valid um-datepicker\" type=\"text\" name=\"birthday-3190\" id=\"birthday-3190\" value=\"\" placeholder=\"\" data-validate=\"\" data-key=\"birthday\" data-range=\"years\" data-years=\"140\" data-years_x=\"equal\" data-disabled_weekdays=\"\" data-date_min=\"1956,5,16\" data-date_max=\"2096,5,16\" data-format=\"d mmm yyyy\" data-value=\"\"  aria-invalid=\"false\" \/>\n\n\t\t\t\t\t\t<\/div><\/div><div  id=\"um_field_3190_eriala\" class=\"um-field um-field-text  um-field-eriala um-field-text um-field-type_text\" data-key=\"eriala\"><div class=\"um-field-label\"><label for=\"eriala-3190\">Eriala*<\/label><div class=\"um-clear\"><\/div><\/div><div class=\"um-field-area\"><input  autocomplete=\"off\" class=\"um-form-field valid\" type=\"text\" name=\"eriala-3190\" id=\"eriala-3190\" value=\"\" placeholder=\"\" data-validate=\"\" data-key=\"eriala\"  aria-invalid=\"false\" \/>\n\n\t\t\t\t\t\t<\/div><\/div><div  id=\"um_field_3190_linn\" class=\"um-field um-field-text  um-field-linn um-field-text um-field-type_text\" data-key=\"linn\"><div class=\"um-field-label\"><label for=\"linn-3190\">Linn*<\/label><div class=\"um-clear\"><\/div><\/div><div class=\"um-field-area\"><input  autocomplete=\"off\" class=\"um-form-field valid\" type=\"text\" name=\"linn-3190\" id=\"linn-3190\" value=\"\" placeholder=\"\" data-validate=\"\" data-key=\"linn\"  aria-invalid=\"false\" \/>\n\n\t\t\t\t\t\t<\/div><\/div><div  id=\"um_field_3190_aadress\" class=\"um-field um-field-text  um-field-aadress um-field-text um-field-type_text\" data-key=\"aadress\"><div class=\"um-field-label\"><label for=\"aadress-3190\">Aadress<\/label><span class=\"um-tip um-tip-w\" title=\"Elukoht (T\u00e4nav, maja number, korter ja postiindeks)\"><i class=\"um-icon-help-circled\"><\/i><\/span><div class=\"um-clear\"><\/div><\/div><div class=\"um-field-area\"><input  autocomplete=\"off\" class=\"um-form-field valid not-required\" type=\"text\" name=\"aadress-3190\" id=\"aadress-3190\" value=\"\" placeholder=\"\" data-validate=\"\" data-key=\"aadress\"  aria-invalid=\"false\" \/>\n\n\t\t\t\t\t\t<\/div><\/div><div  id=\"um_field_3190_amet\" class=\"um-field um-field-text  um-field-amet um-field-text um-field-type_text\" data-key=\"amet\"><div class=\"um-field-label\"><label for=\"amet-3190\">Amet<\/label><div class=\"um-clear\"><\/div><\/div><div class=\"um-field-area\"><input  autocomplete=\"off\" class=\"um-form-field valid not-required\" type=\"text\" name=\"amet-3190\" id=\"amet-3190\" value=\"\" placeholder=\"\" data-validate=\"\" data-key=\"amet\"  aria-invalid=\"false\" \/>\n\n\t\t\t\t\t\t<\/div><\/div><div  id=\"um_field_3190_andmete_jagamine\" class=\"um-field um-field-checkbox  um-field-andmete_jagamine um-field-checkbox um-field-type_checkbox\" data-key=\"andmete_jagamine\"  aria-invalid=\"false\" ><div class=\"um-field-label\"><label for=\"andmete_jagamine-3190\">Kas t\u00f6\u00f6tad peremeditsiinis ja oled n\u00f5us jagama oma nime\/terviskeskust eesti keelset perearsti otsivate kaasmaalastega?<\/label><div class=\"um-clear\"><\/div><\/div><div class=\"um-field-area\"><label class=\"um-field-checkbox  um-field-half\"><input   type=\"checkbox\" name=\"andmete_jagamine[]\" value=\"Jah\"  \/><span class=\"um-field-checkbox-state\"><i class=\"um-icon-android-checkbox-outline-blank\"><\/i><\/span><span class=\"um-field-checkbox-option\">Jah<\/span><\/label><div class=\"um-clear\"><\/div><\/div><\/div><\/div><\/div>\t\t<input type=\"hidden\" name=\"form_id\" id=\"form_id_3190\" value=\"3190\" \/>\n\t\n\t<p class=\"um_request_name\">\n\t\t<label for=\"um_request_3190\">Only fill in if you are not human<\/label>\n\t\t<input type=\"hidden\" name=\"um_request\" id=\"um_request_3190\" class=\"input\" value=\"\" size=\"25\" autocomplete=\"off\" \/>\n\t<\/p>\n\n\t<input type=\"hidden\" id=\"_wpnonce\" name=\"_wpnonce\" value=\"5ba3e40f86\" \/><input type=\"hidden\" name=\"_wp_http_referer\" value=\"\/en\/wp-json\/wp\/v2\/pages\/3196\" \/>\n<div class=\"g-recaptcha\" id=\"um-3190\" data-mode=\"register\"><\/div>\n\n\n\t<div class=\"um-col-alt\">\n\n\t\t\n\t\t\t<div class=\"um-center\">\n\t\t\t\t<input type=\"submit\" value=\"Liitu!\" class=\"um-button\" id=\"um-submit-btn\" \/>\n\t\t\t<\/div>\n\n\t\t\n\t\t<div class=\"um-clear\"><\/div>\n\n\t<\/div>\n\n\t\t\t\r\n\t\t<input type=\"hidden\" name=\"trp-form-language\" value=\"en\"\/><\/form>\r\n\r\n\t<\/div>\r\n\r\n<\/div><style>\n\t\t\t.um-3190.um {\n\t\t\tmax-width: 450px;\n\t\t}\n\t\t<\/style>\n<\/div>\n\t\t\t\t<\/div>\n\t\t\t\t<\/div>\n\t\t\t\t\t<\/div>\n\t\t<\/div>\n\t\t\t\t\t<\/div>\n\t\t<\/section>\n\t\t\t\t<\/div>","protected":false},"excerpt":{"rendered":"<p>Liitumine Seltsi liikmemaks on 500 SEK aastas. Uutele liitujatele on esimene aasta liikmemaksuvaba.&nbsp; Tere tulemast ning peatse kohtumiseni! Kogume ainult infot, mis on Seltsi toimimiseks vajalik. Me ei jaga seda kolmandatele osapooltele&nbsp; (patsiendid, t\u00f6\u00f6j\u00f5uv\u00e4rbajad) ega m\u00fc\u00fc seda reklaamiks. Oma liikmelisuse l\u00f5petamiseks kirjuta meile easr@easr.se.&nbsp;<\/p>","protected":false},"author":17,"featured_media":0,"parent":0,"menu_order":0,"comment_status":"closed","ping_status":"closed","template":"elementor_header_footer","meta":{"ngg_post_thumbnail":0,"footnotes":""},"categories":[],"tags":[],"_links":{"self":[{"href":"https:\/\/www.easr.se\/en\/wp-json\/wp\/v2\/pages\/3196"}],"collection":[{"href":"https:\/\/www.easr.se\/en\/wp-json\/wp\/v2\/pages"}],"about":[{"href":"https:\/\/www.easr.se\/en\/wp-json\/wp\/v2\/types\/page"}],"author":[{"embeddable":true,"href":"https:\/\/www.easr.se\/en\/wp-json\/wp\/v2\/users\/17"}],"replies":[{"embeddable":true,"href":"https:\/\/www.easr.se\/en\/wp-json\/wp\/v2\/comments?post=3196"}],"version-history":[{"count":3,"href":"https:\/\/www.easr.se\/en\/wp-json\/wp\/v2\/pages\/3196\/revisions"}],"predecessor-version":[{"id":4084,"href":"https:\/\/www.easr.se\/en\/wp-json\/wp\/v2\/pages\/3196\/revisions\/4084"}],"wp:attachment":[{"href":"https:\/\/www.easr.se\/en\/wp-json\/wp\/v2\/media?parent=3196"}],"wp:term":[{"taxonomy":"category","embeddable":true,"href":"https:\/\/www.easr.se\/en\/wp-json\/wp\/v2\/categories?post=3196"},{"taxonomy":"post_tag","embeddable":true,"href":"https:\/\/www.easr.se\/en\/wp-json\/wp\/v2\/tags?post=3196"}],"curies":[{"name":"wp","href":"https:\/\/api.w.org\/{rel}","templated":true}]}}