{"id":326,"date":"2012-08-20T15:14:02","date_gmt":"2012-08-20T13:14:02","guid":{"rendered":"http:\/\/www.easr.se\/?page_id=326"},"modified":"2012-10-01T15:12:51","modified_gmt":"2012-10-01T13:12:51","slug":"historia","status":"publish","type":"page","link":"https:\/\/www.easr.se\/en\/om-foreningen__trashed\/historia\/","title":{"rendered":"Historia"},"content":{"rendered":"<p><strong>ESTNISKA L\u00c4KARF\u00d6RENINGEN I SVERIGE,EN \u00c5TERBLICK \u00a0 \u00a0 \u00a0 \u00a0 \u00a0<\/strong>20.01.2011<\/p>\n<p>Med den stora flyktingv\u00e5gen fr\u00e5n Estland h\u00f6sten 1944 anl\u00e4nde 119 l\u00e4karengg_shortcode_0_placeholder och 10 tandl\u00e4kare till Sverige, bland dem 7 professorer, 7 docenter och 8 med doktorer. Den nationella samh\u00f6righeten, sv\u00e5righeter att skaffa sig arbete och behovet av yrkesinformation utgjorde grunden till att n\u00e5gra kolleger samlades redan i jan.1945. Estniska L\u00e4karf\u00f6reningen i Sverige bildades vid sitt f\u00f6rsta sammantr\u00e4de 6.apr 1945 i n\u00e4rvaro av 40 kolleger. Anm\u00e4rkningsv\u00e4rt \u00e4r, att prof. Aadu L\u00fc\u00fcs, den siste ordf\u00f6randen i det d\u00e5varande Estniska L\u00e4kars\u00e4llskapet som tv\u00e5ngsst\u00e4nges av ockupationsmakten i sept 1940, i sitt gratulationsbrev med anledning av bildandet av Estniska L\u00e4karf\u00f6reningen i Sverige (EASR) d\u00e4rmed f\u00f6rde \u00f6ver en oavbruten kontinuitet till de fria estniska l\u00e4karnas organisation.<\/p>\n<p>Ordf\u00f6rande i den f\u00f6rsta styrelsen blev neurologiprofessor Johannes Riives, \u00f6vriga styrelsemedlemmar var kirurgen Herman Rossman, patologen Elmar Jakobson, intermedicinprofessorn Fraz Grant och tandl\u00e4karen A.Paomees. EASR n\u00f6dgades vid ett flertal tillf\u00e4llen ge politiska upplysningar om sina medlemmars f\u00f6rflutna till svenska myndigheter. \u00c4venledes \u00e5tog sig EASR att, pga en prop\u00e5 fr\u00e5n England, f\u00f6rbereda tankar p\u00e5 medicinsk hj\u00e4lp vid ett ev. krigstillst\u00e5nd p\u00e5 estnisk mark.<\/p>\n<p>Efter ett tiotal \u00e5r stagnerade den aktiva verksamheten och efter ytterligare tiotal \u00e5r verkade endast kvarvarande styrelsemedlemmar. Man v\u00e4rvade inga nya medlemmar.<\/p>\n<p>\u00c5r 1969 v\u00e4cktes tanken p\u00e5 en nystart av EASR. Ny styrelse valdes med r\u00f6ntgenl\u00e4karen Jaan Novak i spetsen. Tack vare hans energiska ledning v\u00e4xte medlemsantalet. Medlemmarena deltog livligt i EASR verksamhet, som drog till sig \u00e4ven unga kolleger och medicine studerande. Det fanns \u00e4ven vetenskaplig verksamhet bl.a i form av tr\u00e4ffrar med estniska kolleger fr\u00e5n andra l\u00e4nder och utgivande av \u00e5rsb\u00f6cker. P\u00e5 initiativ av J.Novek inf\u00f6rskaffades ex av vetenskapliga skrifter och artiklar, f\u00f6rfattade av kolleger i exil. Under m\u00e5nga \u00e5r arrangerades fester d\u00e4r \u00e4ven Salongsteatern uppt\u00e4dde med egna f\u00f6rm\u00e5gor i rollerna. Under \u00e5ren 19882-1990 var oftalmologen doc Peep Algvere ordf\u00f6rande. \u00c5r 1989 upptog medlemsf\u00f6rteckningen 311 namn, bland dem \u00e4ven n\u00e5gra studenter. Dessutom hade Jaan Novek inspirerat estniska kolleger i andra l\u00e4nder och p\u00e5 andra kontinenter att organisera sig.<\/p>\n<p>Den sjungande revulotionen 1989, Estland befriande fr\u00e5n ockupationsmakten 1991 och d\u00e4rmed m\u00f6jligheter till t\u00e4ta kontakter mellan Sverige och Estland skapade helt nya m\u00e5l och m\u00f6jligheter f\u00f6r EASR. Man utbytte kontakter, erfarenheter och hj\u00e4lp motsvarande behoven i det nu fria Estland. I detta deltog s\u00e5v\u00e4l EASR som enskilda medlemmar inom sin specialitet. Man delade \u00e4ven ut stipendier till kolleger i Estland f\u00f6r deltagande i internation ella kongresser.<\/p>\n<p>Denna st\u00f6djane verksamhet varade till mitten av 90-talet. Ordf\u00f6rande under dessa \u00e5r var r\u00e4ttspsykiatern Ants Anderson. Senare ordf\u00f6randen var biokemisten Einar Berggren och kirurgen doc Argo K\u00f5vamees. Vid sekelskiftet \u00e5tog sig Anderson \u00e5ter ordf\u00f6randeposten.<\/p>\n<p>Nu hade EASR \u00e5ter f\u00f6rsvagats och medlemmarna hade blivit \u00e4ldre. De yngre kollegerna hade f\u00f6rsvenskats och lockades inte mer av den tynande versamheten. EASR hade i stort sett f\u00f6rlorat sinb mening och h\u00f6ll p\u00e5 att d\u00f6 ut. Samtidigt hade Sverige b\u00f6rjat ta emot eller snarare att importera l\u00e4kare fr\u00e5n Estland. De tjugotal unga estniska l\u00e4kare, som kom till V\u00e4rmland gav nytt hopp om \u00f6verlevnad f\u00f6r EASR. Med inledande samtal 2004 blev det m\u00f6jligt att i feb 2007 l\u00e4mna \u00f6ver styrelsearbetet till de nyanl\u00e4nda, med Karl V\u00e4\u00e4rt som ny ordf\u00f6rande. F\u00f6ryngringen av medlemmarna har medf\u00f6rt nyheter som \u00e5rligen \u00e5terkommande sommarm\u00f6ten,som blivit popul\u00e4ra och sportigare verksamheter.<\/p>\n<p>Under \u00e5rens lopp har till hedersmedlemmar valts Elmar Jakobson, Erik Undritz, Eldur Velliste (ende icke medicinare), Argo K\u00f5vamees, Jaan Novek, Olaf Kibe, Ilo K\u00e4bin och Ants Anderson.EASR arkivmaterial \u00e5terfinns i Estlands Riksarkiv.<\/p>\n<p>&nbsp;<\/p>\n<p>Referenser:<\/p>\n<p>Novek J (Lasting P,red) Eesti Arstide Selts Rootsis.Tartu:Atlex 1997.<\/p>\n<p>Anderson A:Eesti Arstide Selts Rootsis muutumised.Eesti Arst 2004,nr 11<\/p>\n<p>&nbsp;<\/p>\n<p>&nbsp;<\/p>\n<p>&nbsp;<\/p>\n<p><strong>ESTNISKA L\u00c4KARF\u00d6RENINGEN I SVERIGE, vol 2. \u00a0 \u00a0 \u00a0 \u00a0 \u00a0\u00a0<\/strong>14.07 2012<\/p>\n<p>Under denna rubrik kan man beskriva EASR verksamhet efter att ha \u00f6vertagit alla formaliteter fr\u00e5n \u00e4rade \u00e4ldre kolleger fr o m 2007.2006 skedde styrelsearbetet i samr\u00e5d mellan de \u00e4ldre och de nyanl\u00e4nda.Ants Andersons v\u00e4nliga och kompetenta st\u00f6d till den nya styrelsen var n\u00f6dv\u00e4nligt och tackn\u00e4mligt.Bland seniormedlemmarna fanns en f\u00f6rhoppning om att \u00e5ter f\u00f6rena de i Sverige bosatta estniska l\u00e4karna till en meningsfull och nationellt sinnad f\u00f6rening utanf\u00f6r Estlands gr\u00e4ns. Motivationen f\u00f6r de flesta av de till V\u00e4rmland inflyttade var i sin tur att etablera kontakt med de estnisktalande l\u00e4karna i Sverige. EASR medlemsantal hade under 2007 sjunkit till omkr 130,de flesta av den \u00e4ldre.<\/p>\n<p>De yngre l\u00e4karnas flytt fr\u00e5n Estland till Sverige betingades fr\u00e4mst av b\u00e4ttre arbets- och levnadsf\u00f6rh\u00e5llanden. \u00c5ren 2000-2012 har minst 40 flyttat till Sverige.<\/p>\n<p>Det har varit en utmaning f\u00f6r den nya styrelsen att finna verksamhetsformer som kan f\u00f6rena de estniska l\u00e4karna i Sverige. Med traditionen att inbjuda till sommarm\u00f6ten, som tog sin b\u00f6rjan 2006, lyckades man samla s\u00e5v\u00e4l estniska l\u00e4kare som derreas familjer. Hitintills har sommarm\u00f6ten \u00e4gt rum p\u00e5 Medskogsj\u00f6 stugby (2006), Estniska Scoutg\u00e5rden i V\u00e4sterg\u00f6tland (2007,2009), p\u00e5 \u00c5land (2010) och ELA sommarkoloni (2011). Deltagarantalet inklusivefamiljemedlemmar har varit 15-50, d\u00e4ribland \u00e4ven kolleger fr\u00e5n Estland och Finland. Utan att \u00f6verdriva kan man anse m\u00f6tet p\u00e5 \u00c5land 2010 mellan estniks l\u00e4kare fr\u00e5n Sverige och fr\u00e5n Finland, som en historisk tilldragelse. Med EASR som som f\u00f6rebild och p\u00e5 \u00f6nskem\u00e5l fr\u00e5n finlandsestniskia kolleger bildades d\u00e4r F\u00f6reningen Estniska L\u00e4kare i Finland.<\/p>\n<p>Efter \u00e5teruppr\u00e4ttandet av Estlands L\u00e4kares\u00e4llskap (EAL) efter befrielsen, har det inom EASR funnits diskussionerbetr\u00e4ffande ett samg\u00e5ende. Detta kom till st\u00e5nd i nov.2010. D\u00e4refter har EASR blivit en regional organisation inom EAL:ramar.<\/p>\n<p>EASR styrelsemedlemmar har regelm\u00e4ssigt blivit inbjudna till Estlands Ambassad i Stockholm och Sverigeesternas F\u00f6rbund (REL) arrangement, d\u00e4r man deltagit i m\u00e5n av m\u00f6jlighet.<\/p>\n<p>Den interna kommunikationen har moderniserats med tanke p\u00e5 ny teknik. Det har bildtas en digital fotobank med bilder fr\u00e5n f\u00f6reningens olika aktiviteter,e-post och en hemsida (www.easr.se).<\/p>\n<p>Tack vare aktiva medlemmar har EASR \u00f6verlevt och utvecklats. Det finns m\u00e5nga ideer f\u00f6r fortsatt verksamhet,som tyv\u00e4rr kr\u00e4ver sin tribut fr a tidsm\u00e4ssigt,tidvis sv\u00e5rt att f\u00f6rena med arbete och familjeliv.<\/p>\n<p>EASR identitet har inte f\u00f6rsvagats under senare \u00e5r.Genom m\u00f6ten med kolleger i Estland,Finland och Sverige har det utkristalliserats gemensamma ideer, som styrelsen har tagit i beaktande i kommande verksamhetsplaner.<\/p>\n<p>&nbsp;<\/p>\n<p>Karl V\u00e4\u00e4rt<\/p>\n<p>Ordf. sedan 2007.<\/p>","protected":false},"excerpt":{"rendered":"<p>ESTNISKA L\u00c4KARF\u00d6RENINGEN I SVERIGE,EN \u00c5TERBLICK \u00a0 \u00a0 \u00a0 \u00a0 \u00a020.01.2011 Med den stora flyktingv\u00e5gen fr\u00e5n Estland h\u00f6sten 1944 anl\u00e4nde 119 l\u00e4kare och 10 tandl\u00e4kare till Sverige, bland dem 7 professorer, 7 docenter och 8 med doktorer. Den nationella samh\u00f6righeten, sv\u00e5righeter att skaffa sig arbete och behovet av yrkesinformation utgjorde grunden till att n\u00e5gra kolleger samlades [&hellip;]<\/p>","protected":false},"author":16,"featured_media":0,"parent":203,"menu_order":0,"comment_status":"closed","ping_status":"closed","template":"","meta":{"ngg_post_thumbnail":0,"footnotes":""},"categories":[],"tags":[],"_links":{"self":[{"href":"https:\/\/www.easr.se\/en\/wp-json\/wp\/v2\/pages\/326"}],"collection":[{"href":"https:\/\/www.easr.se\/en\/wp-json\/wp\/v2\/pages"}],"about":[{"href":"https:\/\/www.easr.se\/en\/wp-json\/wp\/v2\/types\/page"}],"author":[{"embeddable":true,"href":"https:\/\/www.easr.se\/en\/wp-json\/wp\/v2\/users\/16"}],"replies":[{"embeddable":true,"href":"https:\/\/www.easr.se\/en\/wp-json\/wp\/v2\/comments?post=326"}],"version-history":[{"count":3,"href":"https:\/\/www.easr.se\/en\/wp-json\/wp\/v2\/pages\/326\/revisions"}],"predecessor-version":[{"id":331,"href":"https:\/\/www.easr.se\/en\/wp-json\/wp\/v2\/pages\/326\/revisions\/331"}],"up":[{"embeddable":true,"href":"https:\/\/www.easr.se\/en\/wp-json\/wp\/v2\/pages\/203"}],"wp:attachment":[{"href":"https:\/\/www.easr.se\/en\/wp-json\/wp\/v2\/media?parent=326"}],"wp:term":[{"taxonomy":"category","embeddable":true,"href":"https:\/\/www.easr.se\/en\/wp-json\/wp\/v2\/categories?post=326"},{"taxonomy":"post_tag","embeddable":true,"href":"https:\/\/www.easr.se\/en\/wp-json\/wp\/v2\/tags?post=326"}],"curies":[{"name":"wp","href":"https:\/\/api.w.org\/{rel}","templated":true}]}}