{"id":3279,"date":"2020-08-23T13:50:06","date_gmt":"2020-08-23T11:50:06","guid":{"rendered":"https:\/\/www.easr.se\/?page_id=3279"},"modified":"2021-05-03T20:58:15","modified_gmt":"2021-05-03T18:58:15","slug":"uudised","status":"publish","type":"page","link":"https:\/\/www.easr.se\/en\/uudised\/","title":{"rendered":"Uudised"},"content":{"rendered":"<div data-elementor-type=\"wp-page\" data-elementor-id=\"3279\" class=\"elementor elementor-3279\" data-elementor-post-type=\"page\">\n\t\t\t\t\t\t<section class=\"elementor-section elementor-top-section elementor-element elementor-element-225295c4 elementor-section-height-min-height elementor-section-boxed elementor-section-height-default elementor-section-items-middle\" data-id=\"225295c4\" data-element_type=\"section\" data-settings=\"{&quot;background_background&quot;:&quot;classic&quot;}\">\n\t\t\t\t\t\t<div class=\"elementor-container elementor-column-gap-default\">\n\t\t\t\t\t<div class=\"elementor-column elementor-col-100 elementor-top-column elementor-element elementor-element-1888648e\" data-id=\"1888648e\" data-element_type=\"column\">\n\t\t\t<div class=\"elementor-widget-wrap elementor-element-populated\">\n\t\t\t\t\t\t<div class=\"elementor-element elementor-element-152b5a6c elementor-widget elementor-widget-heading\" data-id=\"152b5a6c\" data-element_type=\"widget\" data-widget_type=\"heading.default\">\n\t\t\t\t<div class=\"elementor-widget-container\">\n\t\t\t<h1 class=\"elementor-heading-title elementor-size-default\">Uudised<\/h1>\t\t<\/div>\n\t\t\t\t<\/div>\n\t\t\t\t\t<\/div>\n\t\t<\/div>\n\t\t\t\t\t<\/div>\n\t\t<\/section>\n\t\t\t\t<section class=\"elementor-section elementor-top-section elementor-element elementor-element-98d9d05 elementor-section-boxed elementor-section-height-default elementor-section-height-default\" data-id=\"98d9d05\" data-element_type=\"section\">\n\t\t\t\t\t\t<div class=\"elementor-container elementor-column-gap-default\">\n\t\t\t\t\t<div class=\"elementor-column elementor-col-100 elementor-top-column elementor-element elementor-element-8916e9f\" data-id=\"8916e9f\" data-element_type=\"column\">\n\t\t\t<div class=\"elementor-widget-wrap elementor-element-populated\">\n\t\t\t\t\t\t<div class=\"elementor-element elementor-element-70db48b elementor-grid-3 elementor-grid-tablet-2 elementor-grid-mobile-1 elementor-posts--thumbnail-top elementor-posts--show-avatar elementor-card-shadow-yes elementor-posts__hover-gradient elementor-widget elementor-widget-posts\" data-id=\"70db48b\" data-element_type=\"widget\" data-settings=\"{&quot;cards_columns&quot;:&quot;3&quot;,&quot;cards_columns_tablet&quot;:&quot;2&quot;,&quot;cards_columns_mobile&quot;:&quot;1&quot;,&quot;cards_row_gap&quot;:{&quot;unit&quot;:&quot;px&quot;,&quot;size&quot;:35,&quot;sizes&quot;:[]},&quot;cards_row_gap_tablet&quot;:{&quot;unit&quot;:&quot;px&quot;,&quot;size&quot;:&quot;&quot;,&quot;sizes&quot;:[]},&quot;cards_row_gap_mobile&quot;:{&quot;unit&quot;:&quot;px&quot;,&quot;size&quot;:&quot;&quot;,&quot;sizes&quot;:[]}}\" data-widget_type=\"posts.cards\">\n\t\t\t\t<div class=\"elementor-widget-container\">\n\t\t\t\t\t<div class=\"elementor-posts-container elementor-posts elementor-posts--skin-cards elementor-grid\">\n\t\t\t\t<article class=\"elementor-post elementor-grid-item post-5037 post type-post status-publish format-standard has-post-thumbnail hentry category-aktuaalne\">\n\t\t\t<div class=\"elementor-post__card\">\n\t\t\t\t<a class=\"elementor-post__thumbnail__link\" href=\"https:\/\/www.easr.se\/en\/muljeid-eesti-arstide-paevades\/\" tabindex=\"-1\" ><div class=\"elementor-post__thumbnail\"><img decoding=\"async\" width=\"300\" height=\"97\" src=\"https:\/\/www.easr.se\/wp-content\/uploads\/EAL_EAP26_kodulehe-banner_1160x376px-1536x498-1-300x97.jpg\" class=\"attachment-medium size-medium wp-image-5049\" alt=\"\" srcset=\"https:\/\/www.easr.se\/wp-content\/uploads\/EAL_EAP26_kodulehe-banner_1160x376px-1536x498-1-300x97.jpg 300w, https:\/\/www.easr.se\/wp-content\/uploads\/EAL_EAP26_kodulehe-banner_1160x376px-1536x498-1-1024x332.jpg 1024w, https:\/\/www.easr.se\/wp-content\/uploads\/EAL_EAP26_kodulehe-banner_1160x376px-1536x498-1-768x249.jpg 768w, https:\/\/www.easr.se\/wp-content\/uploads\/EAL_EAP26_kodulehe-banner_1160x376px-1536x498-1-18x6.jpg 18w, https:\/\/www.easr.se\/wp-content\/uploads\/EAL_EAP26_kodulehe-banner_1160x376px-1536x498-1-e1776366548102.jpg 800w\" sizes=\"(max-width: 300px) 100vw, 300px\" \/><\/div><\/a>\n\t\t\t\t<div class=\"elementor-post__avatar\">\n\t\t\t<img loading=\"lazy\" decoding=\"async\" src=\"https:\/\/www.easr.se\/wp-content\/plugins\/ultimate-member\/assets\/img\/default_avatar.jpg\" class=\"gravatar avatar avatar-128 um-avatar um-avatar-default\" width=\"128\" height=\"128\" alt=\"Karl V\u00e4\u00e4rt\" data-default=\"https:\/\/www.easr.se\/wp-content\/plugins\/ultimate-member\/assets\/img\/default_avatar.jpg\" onerror=\"if ( ! this.getAttribute('data-load-error') ){ this.setAttribute('data-load-error', '1');this.setAttribute('src', this.getAttribute('data-default'));}\" \/>\t\t<\/div>\n\t\t\t\t<div class=\"elementor-post__text\">\n\t\t\t\t<h3 class=\"elementor-post__title\">\n\t\t\t<a href=\"https:\/\/www.easr.se\/en\/muljeid-eesti-arstide-paevades\/\" >\n\t\t\t\tMuljeid Eesti Arstide P\u00e4evades\t\t\t<\/a>\n\t\t<\/h3>\n\t\t\t\t<div class=\"elementor-post__excerpt\">\n\t\t\t<p>Mul oli v\u00f5imalus osaleda Eesti Arstide P\u00e4evadel (EAP), mis toimusid Hilton Tallinn Park hotellis 9\u201310. aprillil. Hotelli konverentsikeskus sobib keskmisest suuremate konverentside korraldamiseks, kus saab<\/p>\n\t\t<\/div>\n\t\t\n\t\t<a class=\"elementor-post__read-more\" href=\"https:\/\/www.easr.se\/en\/muljeid-eesti-arstide-paevades\/\" aria-label=\"Read more about Muljeid Eesti Arstide P\u00e4evades\" tabindex=\"-1\" >\n\t\t\tLoe edasi \u00bb\t\t<\/a>\n\n\t\t\t\t<\/div>\n\t\t\t\t<div class=\"elementor-post__meta-data\">\n\t\t\t\t\t<span class=\"elementor-post-date\">\n\t\t\t15. Apr 2026\t\t<\/span>\n\t\t\t\t<\/div>\n\t\t\t\t\t<\/div>\n\t\t<\/article>\n\t\t\t\t<article class=\"elementor-post elementor-grid-item post-5010 post type-post status-publish format-standard hentry category-aktuaalne\">\n\t\t\t<div class=\"elementor-post__card\">\n\t\t\t\t<div class=\"elementor-post__text\">\n\t\t\t\t<h3 class=\"elementor-post__title\">\n\t\t\t<a href=\"https:\/\/www.easr.se\/en\/seltsi-peakoosolekus\/\" >\n\t\t\t\tSeltsi peakoosolekust\t\t\t<\/a>\n\t\t<\/h3>\n\t\t\t\t<div class=\"elementor-post__excerpt\">\n\t\t\t<p>EASR peakoosolek toimus\u00a031. jaanuaril G\u00f6teborgis. Koosolek m\u00f6\u00f6dus taaskohtumise r\u00f5\u00f5mus, soojas meelolus ja traditsioonilises vormis. T\u00e4nati esimehe Hendrik Pakosta pikaaegset panus esimehena seltsi juhtimisse ja arendusse.<\/p>\n\t\t<\/div>\n\t\t\n\t\t<a class=\"elementor-post__read-more\" href=\"https:\/\/www.easr.se\/en\/seltsi-peakoosolekus\/\" aria-label=\"Read more about Seltsi peakoosolekust\" tabindex=\"-1\" >\n\t\t\tLoe edasi \u00bb\t\t<\/a>\n\n\t\t\t\t<\/div>\n\t\t\t\t<div class=\"elementor-post__meta-data\">\n\t\t\t\t\t<span class=\"elementor-post-date\">\n\t\t\t22. Feb 2026\t\t<\/span>\n\t\t\t\t<\/div>\n\t\t\t\t\t<\/div>\n\t\t<\/article>\n\t\t\t\t<article class=\"elementor-post elementor-grid-item post-4876 post type-post status-publish format-standard has-post-thumbnail hentry category-aktuaalne\">\n\t\t\t<div class=\"elementor-post__card\">\n\t\t\t\t<a class=\"elementor-post__thumbnail__link\" href=\"https:\/\/www.easr.se\/en\/easr-liige-viiu-blondal-kaitses-doktorivaitekirja-allergoloogias\/\" tabindex=\"-1\" ><div class=\"elementor-post__thumbnail\"><img fetchpriority=\"high\" decoding=\"async\" width=\"300\" height=\"287\" src=\"https:\/\/www.easr.se\/wp-content\/uploads\/615827661_10239181515303645_1837268132123205973_n-e1768920724197-300x287.jpg\" class=\"attachment-medium size-medium wp-image-4875\" alt=\"\" srcset=\"https:\/\/www.easr.se\/wp-content\/uploads\/615827661_10239181515303645_1837268132123205973_n-e1768920724197-300x287.jpg 300w, https:\/\/www.easr.se\/wp-content\/uploads\/615827661_10239181515303645_1837268132123205973_n-e1768920724197-1024x980.jpg 1024w, https:\/\/www.easr.se\/wp-content\/uploads\/615827661_10239181515303645_1837268132123205973_n-e1768920724197-768x735.jpg 768w, https:\/\/www.easr.se\/wp-content\/uploads\/615827661_10239181515303645_1837268132123205973_n-e1768920724197-13x12.jpg 13w, https:\/\/www.easr.se\/wp-content\/uploads\/615827661_10239181515303645_1837268132123205973_n-e1768920724197.jpg 1477w\" sizes=\"(max-width: 300px) 100vw, 300px\" \/><\/div><\/a>\n\t\t\t\t<div class=\"elementor-post__avatar\">\n\t\t\t<img loading=\"lazy\" decoding=\"async\" src=\"https:\/\/www.easr.se\/wp-content\/plugins\/ultimate-member\/assets\/img\/default_avatar.jpg\" class=\"gravatar avatar avatar-128 um-avatar um-avatar-default\" width=\"128\" height=\"128\" alt=\"Hendrik Pakosta\" data-default=\"https:\/\/www.easr.se\/wp-content\/plugins\/ultimate-member\/assets\/img\/default_avatar.jpg\" onerror=\"if ( ! this.getAttribute('data-load-error') ){ this.setAttribute('data-load-error', '1');this.setAttribute('src', this.getAttribute('data-default'));}\" \/>\t\t<\/div>\n\t\t\t\t<div class=\"elementor-post__text\">\n\t\t\t\t<h3 class=\"elementor-post__title\">\n\t\t\t<a href=\"https:\/\/www.easr.se\/en\/easr-liige-viiu-blondal-kaitses-doktorivaitekirja-allergoloogias\/\" >\n\t\t\t\tEASR liige Viiu Bl\u00f6ndal  kaitses doktoriv\u00e4itekirja allergoloogias\t\t\t<\/a>\n\t\t<\/h3>\n\t\t\t\t<div class=\"elementor-post__excerpt\">\n\t\t\t<p>16. jaanuaril kaitses pulmonoloog ja EASR liige Viiu Bl\u00f6ndal Uppsala \u00dclikoolis doktoriv\u00e4itekirja pealkirjaga &#8220;Allergic multimorbidity: Association with inflammatory markers, symptoms, lung function, and background factors.&#8221;\u00a0<\/p>\n\t\t<\/div>\n\t\t\n\t\t<a class=\"elementor-post__read-more\" href=\"https:\/\/www.easr.se\/en\/easr-liige-viiu-blondal-kaitses-doktorivaitekirja-allergoloogias\/\" aria-label=\"Read more about EASR liige Viiu Bl\u00f6ndal  kaitses doktoriv\u00e4itekirja allergoloogias\" tabindex=\"-1\" >\n\t\t\tLoe edasi \u00bb\t\t<\/a>\n\n\t\t\t\t<\/div>\n\t\t\t\t<div class=\"elementor-post__meta-data\">\n\t\t\t\t\t<span class=\"elementor-post-date\">\n\t\t\t20. Jan 2026\t\t<\/span>\n\t\t\t\t<\/div>\n\t\t\t\t\t<\/div>\n\t\t<\/article>\n\t\t\t\t<article class=\"elementor-post elementor-grid-item post-4786 post type-post status-publish format-standard has-post-thumbnail hentry category-aktuaalne\">\n\t\t\t<div class=\"elementor-post__card\">\n\t\t\t\t<a class=\"elementor-post__thumbnail__link\" href=\"https:\/\/www.easr.se\/en\/stipendium\/\" tabindex=\"-1\" ><div class=\"elementor-post__thumbnail\"><img decoding=\"async\" width=\"300\" height=\"142\" src=\"https:\/\/www.easr.se\/wp-content\/uploads\/stipendium-1-300x142.jpg\" class=\"attachment-medium size-medium wp-image-4794\" alt=\"\" srcset=\"https:\/\/www.easr.se\/wp-content\/uploads\/stipendium-1-300x142.jpg 300w, https:\/\/www.easr.se\/wp-content\/uploads\/stipendium-1-1024x485.jpg 1024w, https:\/\/www.easr.se\/wp-content\/uploads\/stipendium-1-768x364.jpg 768w, https:\/\/www.easr.se\/wp-content\/uploads\/stipendium-1-18x9.jpg 18w, https:\/\/www.easr.se\/wp-content\/uploads\/stipendium-1.jpg 1200w\" sizes=\"(max-width: 300px) 100vw, 300px\" \/><\/div><\/a>\n\t\t\t\t<div class=\"elementor-post__avatar\">\n\t\t\t<img loading=\"lazy\" decoding=\"async\" src=\"https:\/\/www.easr.se\/wp-content\/plugins\/ultimate-member\/assets\/img\/default_avatar.jpg\" class=\"gravatar avatar avatar-128 um-avatar um-avatar-default\" width=\"128\" height=\"128\" alt=\"Aune Avik\" data-default=\"https:\/\/www.easr.se\/wp-content\/plugins\/ultimate-member\/assets\/img\/default_avatar.jpg\" onerror=\"if ( ! this.getAttribute('data-load-error') ){ this.setAttribute('data-load-error', '1');this.setAttribute('src', this.getAttribute('data-default'));}\" \/>\t\t<\/div>\n\t\t\t\t<div class=\"elementor-post__text\">\n\t\t\t\t<h3 class=\"elementor-post__title\">\n\t\t\t<a href=\"https:\/\/www.easr.se\/en\/stipendium\/\" >\n\t\t\t\tStipendium\t\t\t<\/a>\n\t\t<\/h3>\n\t\t\t\t<div class=\"elementor-post__excerpt\">\n\t\t\t<p>EASR Stipendiumi missioon ja olemus EASR \u00fcheks \u00fclesandeks on soodustada ja ergutada teaduslikku ja kutsealalist tegevust. Kuna teadustegevus on Eestis j\u00e4tkuvalt alarahastatud, on EASR on<\/p>\n\t\t<\/div>\n\t\t\n\t\t<a class=\"elementor-post__read-more\" href=\"https:\/\/www.easr.se\/en\/stipendium\/\" aria-label=\"Read more about Stipendium\" tabindex=\"-1\" >\n\t\t\tLoe edasi \u00bb\t\t<\/a>\n\n\t\t\t\t<\/div>\n\t\t\t\t<div class=\"elementor-post__meta-data\">\n\t\t\t\t\t<span class=\"elementor-post-date\">\n\t\t\t16. Sep 2025\t\t<\/span>\n\t\t\t\t<\/div>\n\t\t\t\t\t<\/div>\n\t\t<\/article>\n\t\t\t\t<article class=\"elementor-post elementor-grid-item post-4779 post type-post status-publish format-standard has-post-thumbnail hentry category-aktuaalne\">\n\t\t\t<div class=\"elementor-post__card\">\n\t\t\t\t<a class=\"elementor-post__thumbnail__link\" href=\"https:\/\/www.easr.se\/en\/peakoosolek-2026\/\" tabindex=\"-1\" ><div class=\"elementor-post__thumbnail\"><img loading=\"lazy\" decoding=\"async\" width=\"300\" height=\"191\" src=\"https:\/\/www.easr.se\/wp-content\/uploads\/canal-historic-centre-gothenburg-sweden-78911698-300x191.webp\" class=\"attachment-medium size-medium wp-image-4778\" alt=\"\" srcset=\"https:\/\/www.easr.se\/wp-content\/uploads\/canal-historic-centre-gothenburg-sweden-78911698-300x191.webp 300w, https:\/\/www.easr.se\/wp-content\/uploads\/canal-historic-centre-gothenburg-sweden-78911698-768x490.webp 768w, https:\/\/www.easr.se\/wp-content\/uploads\/canal-historic-centre-gothenburg-sweden-78911698-18x12.webp 18w, https:\/\/www.easr.se\/wp-content\/uploads\/canal-historic-centre-gothenburg-sweden-78911698.webp 800w\" sizes=\"(max-width: 300px) 100vw, 300px\" \/><\/div><\/a>\n\t\t\t\t<div class=\"elementor-post__avatar\">\n\t\t\t<img loading=\"lazy\" decoding=\"async\" src=\"https:\/\/www.easr.se\/wp-content\/plugins\/ultimate-member\/assets\/img\/default_avatar.jpg\" class=\"gravatar avatar avatar-128 um-avatar um-avatar-default\" width=\"128\" height=\"128\" alt=\"Hendrik Pakosta\" data-default=\"https:\/\/www.easr.se\/wp-content\/plugins\/ultimate-member\/assets\/img\/default_avatar.jpg\" onerror=\"if ( ! this.getAttribute('data-load-error') ){ this.setAttribute('data-load-error', '1');this.setAttribute('src', this.getAttribute('data-default'));}\" \/>\t\t<\/div>\n\t\t\t\t<div class=\"elementor-post__text\">\n\t\t\t\t<h3 class=\"elementor-post__title\">\n\t\t\t<a href=\"https:\/\/www.easr.se\/en\/peakoosolek-2026\/\" >\n\t\t\t\tPeakoosolek 2026\t\t\t<\/a>\n\t\t<\/h3>\n\t\t\t\t<div class=\"elementor-post__excerpt\">\n\t\t\t<p>Hea seltsi liige, EASR 2026a. peakoosolek toimub 31. jaanuaril G\u00f6teborgis, Sahlgrenska Haigla Mikrobiologen ruumides (Guldhedsgatan 10). Osalemiseks palume \u00e4ra t\u00e4ita registreerimis vormi. \u00d5htul plaanime seltskonnaga<\/p>\n\t\t<\/div>\n\t\t\n\t\t<a class=\"elementor-post__read-more\" href=\"https:\/\/www.easr.se\/en\/peakoosolek-2026\/\" aria-label=\"Read more about Peakoosolek 2026\" tabindex=\"-1\" >\n\t\t\tLoe edasi \u00bb\t\t<\/a>\n\n\t\t\t\t<\/div>\n\t\t\t\t<div class=\"elementor-post__meta-data\">\n\t\t\t\t\t<span class=\"elementor-post-date\">\n\t\t\t23. Aug 2025\t\t<\/span>\n\t\t\t\t<\/div>\n\t\t\t\t\t<\/div>\n\t\t<\/article>\n\t\t\t\t<article class=\"elementor-post elementor-grid-item post-4761 post type-post status-publish format-standard has-post-thumbnail hentry category-aktuaalne\">\n\t\t\t<div class=\"elementor-post__card\">\n\t\t\t\t<a class=\"elementor-post__thumbnail__link\" href=\"https:\/\/www.easr.se\/en\/easr-80-juubeli-ettekanded-eesti-arstide-paevadel\/\" tabindex=\"-1\" ><div class=\"elementor-post__thumbnail\"><img loading=\"lazy\" decoding=\"async\" width=\"300\" height=\"200\" src=\"https:\/\/www.easr.se\/wp-content\/uploads\/IMG_6747-300x200.jpg\" class=\"attachment-medium size-medium wp-image-4766\" alt=\"\" srcset=\"https:\/\/www.easr.se\/wp-content\/uploads\/IMG_6747-300x200.jpg 300w, https:\/\/www.easr.se\/wp-content\/uploads\/IMG_6747-1024x683.jpg 1024w, https:\/\/www.easr.se\/wp-content\/uploads\/IMG_6747-768x512.jpg 768w, https:\/\/www.easr.se\/wp-content\/uploads\/IMG_6747-1536x1024.jpg 1536w, https:\/\/www.easr.se\/wp-content\/uploads\/IMG_6747-2048x1365.jpg 2048w, https:\/\/www.easr.se\/wp-content\/uploads\/IMG_6747-18x12.jpg 18w\" sizes=\"(max-width: 300px) 100vw, 300px\" \/><\/div><\/a>\n\t\t\t\t<div class=\"elementor-post__avatar\">\n\t\t\t<img loading=\"lazy\" decoding=\"async\" src=\"https:\/\/www.easr.se\/wp-content\/plugins\/ultimate-member\/assets\/img\/default_avatar.jpg\" class=\"gravatar avatar avatar-128 um-avatar um-avatar-default\" width=\"128\" height=\"128\" alt=\"Hendrik Pakosta\" data-default=\"https:\/\/www.easr.se\/wp-content\/plugins\/ultimate-member\/assets\/img\/default_avatar.jpg\" onerror=\"if ( ! this.getAttribute('data-load-error') ){ this.setAttribute('data-load-error', '1');this.setAttribute('src', this.getAttribute('data-default'));}\" \/>\t\t<\/div>\n\t\t\t\t<div class=\"elementor-post__text\">\n\t\t\t\t<h3 class=\"elementor-post__title\">\n\t\t\t<a href=\"https:\/\/www.easr.se\/en\/easr-80-juubeli-ettekanded-eesti-arstide-paevadel\/\" >\n\t\t\t\tEASR 80. juubeli ettekanded Eesti Arstide P\u00e4evadel\t\t\t<\/a>\n\t\t<\/h3>\n\t\t\t\t<div class=\"elementor-post__excerpt\">\n\t\t\t<p>Sellel aastal toimusid Eesti Arstide p\u00e4evad 3.-4. aprillil Tartus Eesti Rahva Muuseumis. Konverentsi \u00fcheks alateemaks oli EASR 80. aastap\u00e4ev mille k\u00e4igus astusid ettekannetega \u00fcles EAL<\/p>\n\t\t<\/div>\n\t\t\n\t\t<a class=\"elementor-post__read-more\" href=\"https:\/\/www.easr.se\/en\/easr-80-juubeli-ettekanded-eesti-arstide-paevadel\/\" aria-label=\"Read more about EASR 80. juubeli ettekanded Eesti Arstide P\u00e4evadel\" tabindex=\"-1\" >\n\t\t\tLoe edasi \u00bb\t\t<\/a>\n\n\t\t\t\t<\/div>\n\t\t\t\t<div class=\"elementor-post__meta-data\">\n\t\t\t\t\t<span class=\"elementor-post-date\">\n\t\t\t18. Apr 2025\t\t<\/span>\n\t\t\t\t<\/div>\n\t\t\t\t\t<\/div>\n\t\t<\/article>\n\t\t\t\t<\/div>\n\t\t\n\t\t\t\t<\/div>\n\t\t\t\t<\/div>\n\t\t\t\t\t<\/div>\n\t\t<\/div>\n\t\t\t\t\t<\/div>\n\t\t<\/section>\n\t\t\t\t<\/div>","protected":false},"excerpt":{"rendered":"<p>Uudised<\/p>","protected":false},"author":17,"featured_media":0,"parent":0,"menu_order":0,"comment_status":"closed","ping_status":"closed","template":"elementor_header_footer","meta":{"ngg_post_thumbnail":0,"footnotes":""},"categories":[],"tags":[],"_links":{"self":[{"href":"https:\/\/www.easr.se\/en\/wp-json\/wp\/v2\/pages\/3279"}],"collection":[{"href":"https:\/\/www.easr.se\/en\/wp-json\/wp\/v2\/pages"}],"about":[{"href":"https:\/\/www.easr.se\/en\/wp-json\/wp\/v2\/types\/page"}],"author":[{"embeddable":true,"href":"https:\/\/www.easr.se\/en\/wp-json\/wp\/v2\/users\/17"}],"replies":[{"embeddable":true,"href":"https:\/\/www.easr.se\/en\/wp-json\/wp\/v2\/comments?post=3279"}],"version-history":[{"count":3,"href":"https:\/\/www.easr.se\/en\/wp-json\/wp\/v2\/pages\/3279\/revisions"}],"predecessor-version":[{"id":3736,"href":"https:\/\/www.easr.se\/en\/wp-json\/wp\/v2\/pages\/3279\/revisions\/3736"}],"wp:attachment":[{"href":"https:\/\/www.easr.se\/en\/wp-json\/wp\/v2\/media?parent=3279"}],"wp:term":[{"taxonomy":"category","embeddable":true,"href":"https:\/\/www.easr.se\/en\/wp-json\/wp\/v2\/categories?post=3279"},{"taxonomy":"post_tag","embeddable":true,"href":"https:\/\/www.easr.se\/en\/wp-json\/wp\/v2\/tags?post=3279"}],"curies":[{"name":"wp","href":"https:\/\/api.w.org\/{rel}","templated":true}]}}