{"id":3314,"date":"2020-08-24T11:53:28","date_gmt":"2020-08-24T09:53:28","guid":{"rendered":"https:\/\/www.easr.se\/?page_id=3314"},"modified":"2021-02-12T17:11:51","modified_gmt":"2021-02-12T15:11:51","slug":"kasulik","status":"publish","type":"page","link":"https:\/\/www.easr.se\/en\/kasulik\/","title":{"rendered":"Kasulik"},"content":{"rendered":"<div data-elementor-type=\"wp-page\" data-elementor-id=\"3314\" class=\"elementor elementor-3314\" data-elementor-post-type=\"page\">\n\t\t\t\t\t\t<section class=\"elementor-section elementor-top-section elementor-element elementor-element-6a280851 elementor-section-height-min-height elementor-section-boxed elementor-section-height-default elementor-section-items-middle\" data-id=\"6a280851\" data-element_type=\"section\" data-settings=\"{&quot;background_background&quot;:&quot;classic&quot;}\">\n\t\t\t\t\t\t<div class=\"elementor-container elementor-column-gap-default\">\n\t\t\t\t\t<div class=\"elementor-column elementor-col-100 elementor-top-column elementor-element elementor-element-4fffbba0\" data-id=\"4fffbba0\" data-element_type=\"column\">\n\t\t\t<div class=\"elementor-widget-wrap elementor-element-populated\">\n\t\t\t\t\t\t<div class=\"elementor-element elementor-element-385e3c9d elementor-widget elementor-widget-heading\" data-id=\"385e3c9d\" data-element_type=\"widget\" data-widget_type=\"heading.default\">\n\t\t\t\t<div class=\"elementor-widget-container\">\n\t\t\t<h1 class=\"elementor-heading-title elementor-size-default\">Kasulik<\/h1>\t\t<\/div>\n\t\t\t\t<\/div>\n\t\t\t\t\t<\/div>\n\t\t<\/div>\n\t\t\t\t\t<\/div>\n\t\t<\/section>\n\t\t\t\t<section class=\"elementor-section elementor-top-section elementor-element elementor-element-8daf03b elementor-section-boxed elementor-section-height-default elementor-section-height-default\" data-id=\"8daf03b\" data-element_type=\"section\">\n\t\t\t\t\t\t<div class=\"elementor-container elementor-column-gap-default\">\n\t\t\t\t\t<div class=\"elementor-column elementor-col-100 elementor-top-column elementor-element elementor-element-e218510\" data-id=\"e218510\" data-element_type=\"column\">\n\t\t\t<div class=\"elementor-widget-wrap elementor-element-populated\">\n\t\t\t\t\t\t<div class=\"elementor-element elementor-element-059f8ed elementor-grid-3 elementor-grid-tablet-2 elementor-grid-mobile-1 elementor-posts--thumbnail-top elementor-card-shadow-yes elementor-posts__hover-gradient elementor-widget elementor-widget-posts\" data-id=\"059f8ed\" data-element_type=\"widget\" data-settings=\"{&quot;cards_columns&quot;:&quot;3&quot;,&quot;cards_columns_tablet&quot;:&quot;2&quot;,&quot;cards_columns_mobile&quot;:&quot;1&quot;,&quot;cards_row_gap&quot;:{&quot;unit&quot;:&quot;px&quot;,&quot;size&quot;:35,&quot;sizes&quot;:[]},&quot;cards_row_gap_tablet&quot;:{&quot;unit&quot;:&quot;px&quot;,&quot;size&quot;:&quot;&quot;,&quot;sizes&quot;:[]},&quot;cards_row_gap_mobile&quot;:{&quot;unit&quot;:&quot;px&quot;,&quot;size&quot;:&quot;&quot;,&quot;sizes&quot;:[]}}\" data-widget_type=\"posts.cards\">\n\t\t\t\t<div class=\"elementor-widget-container\">\n\t\t\t\t\t<div class=\"elementor-posts-container elementor-posts elementor-posts--skin-cards elementor-grid\">\n\t\t\t\t<article class=\"elementor-post elementor-grid-item post-3424 post type-post status-publish format-standard has-post-thumbnail hentry category-kasulik\">\n\t\t\t<div class=\"elementor-post__card\">\n\t\t\t\t<a class=\"elementor-post__thumbnail__link\" href=\"https:\/\/www.easr.se\/en\/eestikeelne-arstiabi-rootsis\/\" tabindex=\"-1\" ><div class=\"elementor-post__thumbnail\"><img fetchpriority=\"high\" decoding=\"async\" width=\"300\" height=\"192\" src=\"https:\/\/www.easr.se\/wp-content\/uploads\/perearst_thumb-300x192.jpg\" class=\"attachment-medium size-medium wp-image-3425\" alt=\"\" srcset=\"https:\/\/www.easr.se\/wp-content\/uploads\/perearst_thumb-300x192.jpg 300w, https:\/\/www.easr.se\/wp-content\/uploads\/perearst_thumb-768x492.jpg 768w, https:\/\/www.easr.se\/wp-content\/uploads\/perearst_thumb.jpg 1000w\" sizes=\"(max-width: 300px) 100vw, 300px\" \/><\/div><\/a>\n\t\t\t\t<div class=\"elementor-post__text\">\n\t\t\t\t<h3 class=\"elementor-post__title\">\n\t\t\t<a href=\"https:\/\/www.easr.se\/en\/eestikeelne-arstiabi-rootsis\/\" >\n\t\t\t\tEestikeelne arstiabi Rootsis\t\t\t<\/a>\n\t\t<\/h3>\n\t\t\t\t<div class=\"elementor-post__excerpt\">\n\t\t\t<p>Siia ilmub peagi informatsioon, kuidas Rootsis endale eestikeelne perearst leida!<\/p>\n\t\t<\/div>\n\t\t\n\t\t<a class=\"elementor-post__read-more\" href=\"https:\/\/www.easr.se\/en\/eestikeelne-arstiabi-rootsis\/\" aria-label=\"Read more about Eestikeelne arstiabi Rootsis\" tabindex=\"-1\" >\n\t\t\tLoe edasi \u00bb\t\t<\/a>\n\n\t\t\t\t<\/div>\n\t\t\t\t\t<\/div>\n\t\t<\/article>\n\t\t\t\t<article class=\"elementor-post elementor-grid-item post-3421 post type-post status-publish format-standard has-post-thumbnail hentry category-kasulik\">\n\t\t\t<div class=\"elementor-post__card\">\n\t\t\t\t<a class=\"elementor-post__thumbnail__link\" href=\"https:\/\/www.easr.se\/en\/praktika-rootsis\/\" tabindex=\"-1\" ><div class=\"elementor-post__thumbnail\"><img decoding=\"async\" width=\"300\" height=\"200\" src=\"https:\/\/www.easr.se\/wp-content\/uploads\/rootsipraktika_thumb-300x200.jpg\" class=\"attachment-medium size-medium wp-image-3422\" alt=\"\" srcset=\"https:\/\/www.easr.se\/wp-content\/uploads\/rootsipraktika_thumb-300x200.jpg 300w, https:\/\/www.easr.se\/wp-content\/uploads\/rootsipraktika_thumb-768x512.jpg 768w, https:\/\/www.easr.se\/wp-content\/uploads\/rootsipraktika_thumb.jpg 999w\" sizes=\"(max-width: 300px) 100vw, 300px\" \/><\/div><\/a>\n\t\t\t\t<div class=\"elementor-post__text\">\n\t\t\t\t<h3 class=\"elementor-post__title\">\n\t\t\t<a href=\"https:\/\/www.easr.se\/en\/praktika-rootsis\/\" >\n\t\t\t\tPraktika Rootsis\t\t\t<\/a>\n\t\t<\/h3>\n\t\t\t\t<div class=\"elementor-post__excerpt\">\n\t\t\t<p>Eksamieelne praktika Esmalt on oluline r\u00f5hutada, et igasugune praktika Rootsis eeldab Rootsi keele valdamist suhtlustasandil. Testi tegema ei pea, kuid tavaliselt helistab t\u00f6\u00f6andja Sulle kontrollimaks<\/p>\n\t\t<\/div>\n\t\t\n\t\t<a class=\"elementor-post__read-more\" href=\"https:\/\/www.easr.se\/en\/praktika-rootsis\/\" aria-label=\"Read more about Praktika Rootsis\" tabindex=\"-1\" >\n\t\t\tLoe edasi \u00bb\t\t<\/a>\n\n\t\t\t\t<\/div>\n\t\t\t\t\t<\/div>\n\t\t<\/article>\n\t\t\t\t<article class=\"elementor-post elementor-grid-item post-1111 post type-post status-publish format-standard has-post-thumbnail hentry category-kasulik tag-arsti-too-rootsis tag-arstina-rootsi\">\n\t\t\t<div class=\"elementor-post__card\">\n\t\t\t\t<a class=\"elementor-post__thumbnail__link\" href=\"https:\/\/www.easr.se\/en\/kuidas-tulla-rootsi-arstina-toole\/\" tabindex=\"-1\" ><div class=\"elementor-post__thumbnail\"><img decoding=\"async\" width=\"300\" height=\"209\" src=\"https:\/\/www.easr.se\/wp-content\/uploads\/Sweden_thumb-300x209.jpg\" class=\"attachment-medium size-medium wp-image-3312\" alt=\"\" srcset=\"https:\/\/www.easr.se\/wp-content\/uploads\/Sweden_thumb-300x209.jpg 300w, https:\/\/www.easr.se\/wp-content\/uploads\/Sweden_thumb.jpg 596w\" sizes=\"(max-width: 300px) 100vw, 300px\" \/><\/div><\/a>\n\t\t\t\t<div class=\"elementor-post__text\">\n\t\t\t\t<h3 class=\"elementor-post__title\">\n\t\t\t<a href=\"https:\/\/www.easr.se\/en\/kuidas-tulla-rootsi-arstina-toole\/\" >\n\t\t\t\tKuidas tulla Rootsi arstina t\u00f6\u00f6le\t\t\t<\/a>\n\t\t<\/h3>\n\t\t\t\t<div class=\"elementor-post__excerpt\">\n\t\t\t<p>Rootsi t\u00f6\u00f6le tulemisel on erinevaid p\u00f5hjusi, v\u00f5imalusi ning teid. K\u00e4esolev artikkel kirjeldab l\u00e4hemalt Rootsi meditsiini\u00f5pingute s\u00fcsteemi ning annab juhiseid, kuidas end Rootsis arstina registreerida. Rootsi<\/p>\n\t\t<\/div>\n\t\t\n\t\t<a class=\"elementor-post__read-more\" href=\"https:\/\/www.easr.se\/en\/kuidas-tulla-rootsi-arstina-toole\/\" aria-label=\"Read more about Kuidas tulla Rootsi arstina t\u00f6\u00f6le\" tabindex=\"-1\" >\n\t\t\tLoe edasi \u00bb\t\t<\/a>\n\n\t\t\t\t<\/div>\n\t\t\t\t\t<\/div>\n\t\t<\/article>\n\t\t\t\t<\/div>\n\t\t\n\t\t\t\t<\/div>\n\t\t\t\t<\/div>\n\t\t\t\t\t<\/div>\n\t\t<\/div>\n\t\t\t\t\t<\/div>\n\t\t<\/section>\n\t\t\t\t<\/div>","protected":false},"excerpt":{"rendered":"<p>Kasulik<\/p>","protected":false},"author":17,"featured_media":0,"parent":0,"menu_order":0,"comment_status":"closed","ping_status":"closed","template":"elementor_header_footer","meta":{"ngg_post_thumbnail":0,"footnotes":""},"categories":[],"tags":[],"_links":{"self":[{"href":"https:\/\/www.easr.se\/en\/wp-json\/wp\/v2\/pages\/3314"}],"collection":[{"href":"https:\/\/www.easr.se\/en\/wp-json\/wp\/v2\/pages"}],"about":[{"href":"https:\/\/www.easr.se\/en\/wp-json\/wp\/v2\/types\/page"}],"author":[{"embeddable":true,"href":"https:\/\/www.easr.se\/en\/wp-json\/wp\/v2\/users\/17"}],"replies":[{"embeddable":true,"href":"https:\/\/www.easr.se\/en\/wp-json\/wp\/v2\/comments?post=3314"}],"version-history":[{"count":3,"href":"https:\/\/www.easr.se\/en\/wp-json\/wp\/v2\/pages\/3314\/revisions"}],"predecessor-version":[{"id":3357,"href":"https:\/\/www.easr.se\/en\/wp-json\/wp\/v2\/pages\/3314\/revisions\/3357"}],"wp:attachment":[{"href":"https:\/\/www.easr.se\/en\/wp-json\/wp\/v2\/media?parent=3314"}],"wp:term":[{"taxonomy":"category","embeddable":true,"href":"https:\/\/www.easr.se\/en\/wp-json\/wp\/v2\/categories?post=3314"},{"taxonomy":"post_tag","embeddable":true,"href":"https:\/\/www.easr.se\/en\/wp-json\/wp\/v2\/tags?post=3314"}],"curies":[{"name":"wp","href":"https:\/\/api.w.org\/{rel}","templated":true}]}}