{"id":4333,"date":"2023-02-19T22:08:19","date_gmt":"2023-02-19T20:08:19","guid":{"rendered":"https:\/\/www.easr.se\/?page_id=4333"},"modified":"2025-12-11T11:52:42","modified_gmt":"2025-12-11T09:52:42","slug":"varasemad-stipendiumid","status":"publish","type":"page","link":"https:\/\/www.easr.se\/en\/varasemad-stipendiumid\/","title":{"rendered":"Varasemate aastate stipendiaadid"},"content":{"rendered":"<div data-elementor-type=\"wp-page\" data-elementor-id=\"4333\" class=\"elementor elementor-4333\" data-elementor-post-type=\"page\">\n\t\t\t\t\t\t<section class=\"elementor-section elementor-top-section elementor-element elementor-element-76ca55a7 elementor-section-height-min-height elementor-section-boxed elementor-section-height-default elementor-section-items-middle\" data-id=\"76ca55a7\" data-element_type=\"section\" data-settings=\"{&quot;background_background&quot;:&quot;classic&quot;}\">\n\t\t\t\t\t\t<div class=\"elementor-container elementor-column-gap-default\">\n\t\t\t\t\t<div class=\"elementor-column elementor-col-100 elementor-top-column elementor-element elementor-element-113d93c2\" data-id=\"113d93c2\" data-element_type=\"column\">\n\t\t\t<div class=\"elementor-widget-wrap elementor-element-populated\">\n\t\t\t\t\t\t<div class=\"elementor-element elementor-element-4be5f02c elementor-widget elementor-widget-heading\" data-id=\"4be5f02c\" data-element_type=\"widget\" data-widget_type=\"heading.default\">\n\t\t\t\t<div class=\"elementor-widget-container\">\n\t\t\t<h1 class=\"elementor-heading-title elementor-size-default\">Varasemate aastate stipendiaadid<\/h1>\t\t<\/div>\n\t\t\t\t<\/div>\n\t\t\t\t\t<\/div>\n\t\t<\/div>\n\t\t\t\t\t<\/div>\n\t\t<\/section>\n\t\t\t\t<section class=\"elementor-section elementor-top-section elementor-element elementor-element-48d30e2 elementor-section-boxed elementor-section-height-default elementor-section-height-default\" data-id=\"48d30e2\" data-element_type=\"section\">\n\t\t\t\t\t\t<div class=\"elementor-container elementor-column-gap-default\">\n\t\t\t\t\t<div class=\"elementor-column elementor-col-100 elementor-top-column elementor-element elementor-element-7f54cbe\" data-id=\"7f54cbe\" data-element_type=\"column\">\n\t\t\t<div class=\"elementor-widget-wrap elementor-element-populated\">\n\t\t\t\t\t\t<div class=\"elementor-element elementor-element-6fb6c37 elementor-widget elementor-widget-text-editor\" data-id=\"6fb6c37\" data-element_type=\"widget\" data-widget_type=\"text-editor.default\">\n\t\t\t\t<div class=\"elementor-widget-container\">\n\t\t\t\t\t\t\t<p><strong>Stipendiaat 2025 &#8211; Karolin Riips<\/strong> (4. aasta neurokirurgia resident) toetus resdentuurits\u00fcklis osalemsieks Kuopios, t\u00e4iendamaks teadmisi epilepsiakirurgia vallas.<\/p>\t\t\t\t\t\t<\/div>\n\t\t\t\t<\/div>\n\t\t\t\t\t<\/div>\n\t\t<\/div>\n\t\t\t\t\t<\/div>\n\t\t<\/section>\n\t\t\t\t<section class=\"elementor-section elementor-top-section elementor-element elementor-element-106d8d4a elementor-section-boxed elementor-section-height-default elementor-section-height-default\" data-id=\"106d8d4a\" data-element_type=\"section\">\n\t\t\t\t\t\t<div class=\"elementor-container elementor-column-gap-default\">\n\t\t\t\t\t<div class=\"elementor-column elementor-col-100 elementor-top-column elementor-element elementor-element-3a4e2275\" data-id=\"3a4e2275\" data-element_type=\"column\">\n\t\t\t<div class=\"elementor-widget-wrap elementor-element-populated\">\n\t\t\t\t\t\t<div class=\"elementor-element elementor-element-52fe238 elementor-widget elementor-widget-text-editor\" data-id=\"52fe238\" data-element_type=\"widget\" data-widget_type=\"text-editor.default\">\n\t\t\t\t<div class=\"elementor-widget-container\">\n\t\t\t\t\t\t\t<p><strong>Stipendiaat 2024 &#8211; Kadri-Ann Parmas<\/strong> (Tartu \u00dclikooli arstiteaduskonna VI kursuse tudeng). Arstiteaduskonna VI kursuse kliinilise praktika valikts\u00fckkel anestesioloogia ja intensiivravi osakonnas Saksamaal. Vaata videot Kadri-Anni ettekandest:<\/p>\n<div class=\"notranslate\" style=\"all: initial;\">\u00a0<\/div>\t\t\t\t\t\t<\/div>\n\t\t\t\t<\/div>\n\t\t\t\t<div class=\"elementor-element elementor-element-6057ddf elementor-widget elementor-widget-html\" data-id=\"6057ddf\" data-element_type=\"widget\" data-widget_type=\"html.default\">\n\t\t\t\t<div class=\"elementor-widget-container\">\n\t\t\t<iframe src=\"https:\/\/drive.google.com\/file\/d\/1LaeP64OXz_lrLxHiYRe-_380OWxn_4sq\/preview\" width=\"640\" height=\"480\" allow=\"autoplay\"><\/iframe>\t\t<\/div>\n\t\t\t\t<\/div>\n\t\t\t\t<div class=\"elementor-element elementor-element-4f543e13 elementor-widget elementor-widget-text-editor\" data-id=\"4f543e13\" data-element_type=\"widget\" data-widget_type=\"text-editor.default\">\n\t\t\t\t<div class=\"elementor-widget-container\">\n\t\t\t\t\t\t\t<p><!-- wp:paragraph --><\/p>\n<p><strong>Stipendiaat 2023 &#8211; Vappu Zobel<\/strong> (\u00fcldkirurg, PERH). Stipendiumi sihtotstarbeline kasutamine onkoplastilise rinnakirurgia treeningkoolitusel Budapestis, Ungaris. Vaata ettekannet Vappu kogemustest ja muljetest:<\/p>\n<p><!-- \/wp:paragraph --><\/p>\n<p><iframe src=\"https:\/\/drive.google.com\/file\/d\/1Kb3Y6QAZkXgqbNLtaXeYmvceS8sKtWY6\/preview\" width=\"640\" height=\"480\"><\/iframe><\/p>\t\t\t\t\t\t<\/div>\n\t\t\t\t<\/div>\n\t\t\t\t\t<\/div>\n\t\t<\/div>\n\t\t\t\t\t<\/div>\n\t\t<\/section>\n\t\t\t\t<\/div>","protected":false},"excerpt":{"rendered":"<p>Varasemate aastate stipendiaadid Stipendiaat 2025 &#8211; Karolin Riips (4. aasta neurokirurgia resident) toetus resdentuurits\u00fcklis osalemsieks Kuopios, t\u00e4iendamaks teadmisi epilepsiakirurgia vallas. Stipendiaat 2024 &#8211; Kadri-Ann Parmas (Tartu \u00dclikooli arstiteaduskonna VI kursuse tudeng). Arstiteaduskonna VI kursuse kliinilise praktika valikts\u00fckkel anestesioloogia ja intensiivravi osakonnas Saksamaal. Vaata videot Kadri-Anni ettekandest: \u00a0 Stipendiaat 2023 &#8211; Vappu Zobel (\u00fcldkirurg, PERH). Stipendiumi [&hellip;]<\/p>","protected":false},"author":141,"featured_media":0,"parent":0,"menu_order":0,"comment_status":"closed","ping_status":"closed","template":"elementor_header_footer","meta":{"ngg_post_thumbnail":0,"footnotes":""},"categories":[],"tags":[],"_links":{"self":[{"href":"https:\/\/www.easr.se\/en\/wp-json\/wp\/v2\/pages\/4333"}],"collection":[{"href":"https:\/\/www.easr.se\/en\/wp-json\/wp\/v2\/pages"}],"about":[{"href":"https:\/\/www.easr.se\/en\/wp-json\/wp\/v2\/types\/page"}],"author":[{"embeddable":true,"href":"https:\/\/www.easr.se\/en\/wp-json\/wp\/v2\/users\/141"}],"replies":[{"embeddable":true,"href":"https:\/\/www.easr.se\/en\/wp-json\/wp\/v2\/comments?post=4333"}],"version-history":[{"count":3,"href":"https:\/\/www.easr.se\/en\/wp-json\/wp\/v2\/pages\/4333\/revisions"}],"predecessor-version":[{"id":4869,"href":"https:\/\/www.easr.se\/en\/wp-json\/wp\/v2\/pages\/4333\/revisions\/4869"}],"wp:attachment":[{"href":"https:\/\/www.easr.se\/en\/wp-json\/wp\/v2\/media?parent=4333"}],"wp:term":[{"taxonomy":"category","embeddable":true,"href":"https:\/\/www.easr.se\/en\/wp-json\/wp\/v2\/categories?post=4333"},{"taxonomy":"post_tag","embeddable":true,"href":"https:\/\/www.easr.se\/en\/wp-json\/wp\/v2\/tags?post=4333"}],"curies":[{"name":"wp","href":"https:\/\/api.w.org\/{rel}","templated":true}]}}